{"id":2134,"date":"2020-03-16T07:48:22","date_gmt":"2020-03-16T07:48:22","guid":{"rendered":"http:\/\/gvcoftalmologia.com\/quienes-somos\/"},"modified":"2022-03-18T09:57:45","modified_gmt":"2022-03-18T09:57:45","slug":"quienes-somos","status":"publish","type":"page","link":"https:\/\/gvcoftalmologia.com\/ca\/quienes-somos\/","title":{"rendered":"Qui som?"},"content":{"rendered":"\n<style type=\"text\/css\" data-created_by=\"avia_inline_auto\" id=\"style-css-av-k6qi5nw6-ea72ce5937ff00324c6444666e4a4907\">\n.avia-section.av-k6qi5nw6-ea72ce5937ff00324c6444666e4a4907{\nbackground-color:#036375;\nbackground:linear-gradient( to right, #036375, #19dee5 );\n}\n<\/style>\n<div id='av_section_1'  class='avia-section av-k6qi5nw6-ea72ce5937ff00324c6444666e4a4907 main_color avia-section-default avia-no-border-styling  avia-builder-el-0  el_before_av_hr  avia-builder-el-first  avia-bg-style-scroll container_wrap sidebar_right'  ><div class='container av-section-cont-open' ><main  role=\"main\" itemprop=\"mainContentOfPage\"  class='template-page content  av-content-small alpha units'><div class='post-entry post-entry-type-page post-entry-2134'><div class='entry-content-wrapper clearfix'>\n\n<style type=\"text\/css\" data-created_by=\"avia_inline_auto\" id=\"style-css-av-k6qi677b-5e2f3bb72df841a1c6207e1d5b55a551\">\n#top .av_textblock_section.av-k6qi677b-5e2f3bb72df841a1c6207e1d5b55a551 .avia_textblock{\ncolor:#ffffff;\n}\n<\/style>\n<section  class='av_textblock_section av-k6qi677b-5e2f3bb72df841a1c6207e1d5b55a551 '   itemscope=\"itemscope\" itemtype=\"https:\/\/schema.org\/CreativeWork\" ><div class='avia_textblock av_inherit_color'  itemprop=\"text\" ><h2 style=\"text-align: center;\">QUI SOM?<\/h2>\n<\/div><\/section>\n<\/div><\/div><\/main><!-- close content main element --><\/div><\/div><div id='after_section_1'  class='main_color av_default_container_wrap container_wrap sidebar_right'  ><div class='container av-section-cont-open' ><div class='template-page content  av-content-small alpha units'><div class='post-entry post-entry-type-page post-entry-2134'><div class='entry-content-wrapper clearfix'>\n\n<style type=\"text\/css\" data-created_by=\"avia_inline_auto\" id=\"style-css-av-k6qi6nne-9c0d8aa8c2746560cf2c220da4475e9a\">\n#top .hr.hr-invisible.av-k6qi6nne-9c0d8aa8c2746560cf2c220da4475e9a{\nheight:80px;\n}\n<\/style>\n<div  class='hr av-k6qi6nne-9c0d8aa8c2746560cf2c220da4475e9a hr-invisible  avia-builder-el-2  el_after_av_section  el_before_av_layout_row  avia-builder-el-no-sibling '><span class='hr-inner '><span class=\"hr-inner-style\"><\/span><\/span><\/div>\n<\/div><\/div><\/div><!-- close content main div --><\/div><\/div><div id='av-layout-grid-1'  class='av-layout-grid-container av-oj398-643c486d99e8cde1cd6ad6af3d317d45 entry-content-wrapper main_color av-border-top-bottom av-flex-cells  avia-builder-el-3  el_after_av_hr  el_before_av_layout_row  grid-row-not-first  container_wrap sidebar_right'  >\n\n<style type=\"text\/css\" data-created_by=\"avia_inline_auto\" id=\"style-css-av-56scr0-45cd76e1b0d5ddde9b3e6be114ddbe85\">\n.flex_cell.av-56scr0-45cd76e1b0d5ddde9b3e6be114ddbe85{\nvertical-align:top;\n}\n.responsive #top #wrap_all .flex_cell.av-56scr0-45cd76e1b0d5ddde9b3e6be114ddbe85{\npadding:0px 0px 0px 0px !important;\n}\n<\/style>\n<div class='flex_cell av-56scr0-45cd76e1b0d5ddde9b3e6be114ddbe85 av-gridrow-cell av_one_half no_margin  avia-builder-el-4  el_before_av_cell_one_half  avia-builder-el-first  av-zero-padding'  ><div class='flex_cell_inner'>\n<style type=\"text\/css\" data-created_by=\"avia_inline_auto\" id=\"style-css-av-k6qi2muy-6a2122b56a79d708967dfce6b779c2d1\">\n.avia-image-container.av-k6qi2muy-6a2122b56a79d708967dfce6b779c2d1 img.avia_image{\nbox-shadow:none;\n}\n.avia-image-container.av-k6qi2muy-6a2122b56a79d708967dfce6b779c2d1 .av-image-caption-overlay-center{\ncolor:#ffffff;\n}\n<\/style>\n<div  class='avia-image-container av-k6qi2muy-6a2122b56a79d708967dfce6b779c2d1 av-styling- avia-align-center  avia-builder-el-5  avia-builder-el-no-sibling '   itemprop=\"image\" itemscope=\"itemscope\" itemtype=\"https:\/\/schema.org\/ImageObject\" ><div class=\"avia-image-container-inner\"><div class=\"avia-image-overlay-wrap\"><img decoding=\"async\" fetchpriority=\"high\" class='wp-image-1592 avia-img-lazy-loading-not-1592 avia_image ' src=\"https:\/\/gvcoftalmologia.com\/wp-content\/uploads\/2020\/02\/BANNER_GVC.png\" alt='' title='BANNER_GVC'  height=\"550\" width=\"1500\"  itemprop=\"thumbnailUrl\" srcset=\"https:\/\/gvcoftalmologia.com\/wp-content\/uploads\/2020\/02\/BANNER_GVC.png 1500w, https:\/\/gvcoftalmologia.com\/wp-content\/uploads\/2020\/02\/BANNER_GVC-300x110.png 300w, https:\/\/gvcoftalmologia.com\/wp-content\/uploads\/2020\/02\/BANNER_GVC-1030x378.png 1030w, https:\/\/gvcoftalmologia.com\/wp-content\/uploads\/2020\/02\/BANNER_GVC-768x282.png 768w, https:\/\/gvcoftalmologia.com\/wp-content\/uploads\/2020\/02\/BANNER_GVC-705x259.png 705w, https:\/\/gvcoftalmologia.com\/wp-content\/uploads\/2020\/02\/BANNER_GVC-600x220.png 600w\" sizes=\"(max-width: 1500px) 100vw, 1500px\" \/><\/div><\/div><\/div>\n<\/div><\/div>\n<style type=\"text\/css\" data-created_by=\"avia_inline_auto\" id=\"style-css-av-fil5o-98cbf01accee1ace1ec4dde43eb67368\">\n.flex_cell.av-fil5o-98cbf01accee1ace1ec4dde43eb67368{\nvertical-align:middle;\n}\n.responsive #top #wrap_all .flex_cell.av-fil5o-98cbf01accee1ace1ec4dde43eb67368{\npadding:30px 30px 30px 30px !important;\n}\n<\/style>\n<div class='flex_cell av-fil5o-98cbf01accee1ace1ec4dde43eb67368 av-gridrow-cell av_one_half no_margin  avia-builder-el-6  el_after_av_cell_one_half  avia-builder-el-last '  ><div class='flex_cell_inner'>\n<style type=\"text\/css\" data-created_by=\"avia_inline_auto\" id=\"style-css-av-2ujaxo-f2b93e38fc48d24105b19e574720f22c\">\n#top .av_textblock_section.av-2ujaxo-f2b93e38fc48d24105b19e574720f22c .avia_textblock{\ncolor:#1499b5;\n}\n<\/style>\n<section  class='av_textblock_section av-2ujaxo-f2b93e38fc48d24105b19e574720f22c '   itemscope=\"itemscope\" itemtype=\"https:\/\/schema.org\/CreativeWork\" ><div class='avia_textblock av_inherit_color'  itemprop=\"text\" ><h2><\/h2>\n<h2 class=\"p1\"><strong>GLOBAL VISION CARE \u00e9s una empresa <\/strong><\/h2>\n<h2 class=\"p1\"><strong>que gestiona <\/strong><\/h2>\n<h2 class=\"p1\"><strong>serveis <\/strong><strong>d&#8217;oftalmologia especialitzada <\/strong><\/h2>\n<h2 class=\"p1\"><strong>i d&#8217;optometria <\/strong><\/h2>\n<h2 class=\"p1\"><strong>en diferents centres <\/strong><strong>m\u00e8dics.<\/strong><\/h2>\n<\/div><\/section>\n<\/div><\/div>\n<\/div>\n<div id='av-layout-grid-2'  class='av-layout-grid-container av-oj398-f9d07bbc5ec1381f6a88a121a68cf105 entry-content-wrapper main_color av-flex-cells  avia-builder-el-8  el_after_av_layout_row  el_before_av_layout_row  grid-row-not-first  container_wrap sidebar_right'  >\n\n<style type=\"text\/css\" data-created_by=\"avia_inline_auto\" id=\"style-css-av-56scr0-2eb17ba318791a32d04fab3789e29406\">\n.flex_cell.av-56scr0-2eb17ba318791a32d04fab3789e29406{\nvertical-align:middle;\n}\n.responsive #top #wrap_all .flex_cell.av-56scr0-2eb17ba318791a32d04fab3789e29406{\npadding:30px 30px 30px 30px !important;\n}\n<\/style>\n<div class='flex_cell av-56scr0-2eb17ba318791a32d04fab3789e29406 av-gridrow-cell av_one_half no_margin  avia-builder-el-9  el_before_av_cell_one_half  avia-builder-el-first '  ><div class='flex_cell_inner'>\n<style type=\"text\/css\" data-created_by=\"avia_inline_auto\" id=\"style-css-av-2ujaxo-f2b93e38fc48d24105b19e574720f22c\">\n#top .av_textblock_section.av-2ujaxo-f2b93e38fc48d24105b19e574720f22c .avia_textblock{\ncolor:#1499b5;\n}\n<\/style>\n<section  class='av_textblock_section av-2ujaxo-f2b93e38fc48d24105b19e574720f22c '   itemscope=\"itemscope\" itemtype=\"https:\/\/schema.org\/CreativeWork\" ><div class='avia_textblock av_inherit_color'  itemprop=\"text\" ><p class=\"p1\" style=\"text-align: right;\">La seva funci\u00f3 \u00e9s proporcionar els recursos humans i tecnol\u00f2gics necessaris per a oferir un servei<br \/>\nd&#8217;oftalmologia especialitzada d&#8217;alt nivell amb professionals de primera l\u00ednia i un equip tecnol\u00f2gic d&#8217;\u00faltima<br \/>\ngeneraci\u00f3. Els pacients poden gaudir d&#8217;un servei integral amb totes les subespecialitats oftalmol\u00f2giques<br \/>\n(retina, glaucoma, cirurgia refractiva, oftalmologia pedi\u00e0trica, cataractes, oculoplastia, optometria),<br \/>\npodent a m\u00e9s realitzar les proves oftalmol\u00f2giques dins dels mateixos centres sense necessitat de<br \/>\ndespla\u00e7aments.<\/p>\n<\/div><\/section>\n<\/div><\/div>\n<style type=\"text\/css\" data-created_by=\"avia_inline_auto\" id=\"style-css-av-fil5o-437b84d937093e46881c53e194168e56\">\n.flex_cell.av-fil5o-437b84d937093e46881c53e194168e56{\nvertical-align:top;\n}\n.responsive #top #wrap_all .flex_cell.av-fil5o-437b84d937093e46881c53e194168e56{\npadding:0px 0px 0px 0px !important;\n}\n<\/style>\n<div class='flex_cell av-fil5o-437b84d937093e46881c53e194168e56 av-gridrow-cell av_one_half no_margin  avia-builder-el-11  el_after_av_cell_one_half  avia-builder-el-last  av-zero-padding'  ><div class='flex_cell_inner'>\n<style type=\"text\/css\" data-created_by=\"avia_inline_auto\" id=\"style-css-av-2tunl8-e5de4b1ca10d0bd6fb713c0acc4b4bab\">\n.avia-image-container.av-2tunl8-e5de4b1ca10d0bd6fb713c0acc4b4bab img.avia_image{\nbox-shadow:none;\n}\n.avia-image-container.av-2tunl8-e5de4b1ca10d0bd6fb713c0acc4b4bab .av-image-caption-overlay-center{\ncolor:#ffffff;\n}\n<\/style>\n<div  class='avia-image-container av-2tunl8-e5de4b1ca10d0bd6fb713c0acc4b4bab av-styling- avia-align-center  avia-builder-el-12  avia-builder-el-no-sibling '   itemprop=\"image\" itemscope=\"itemscope\" itemtype=\"https:\/\/schema.org\/ImageObject\" ><div class=\"avia-image-container-inner\"><div class=\"avia-image-overlay-wrap\"><img decoding=\"async\" fetchpriority=\"high\" class='wp-image-3342 avia-img-lazy-loading-not-3342 avia_image ' src=\"https:\/\/gvcoftalmologia.com\/wp-content\/uploads\/2022\/03\/Banner-QuiSom-GVC2.png\" alt='' title='Banner-QuiSom-GVC2'  height=\"550\" width=\"1500\"  itemprop=\"thumbnailUrl\" srcset=\"https:\/\/gvcoftalmologia.com\/wp-content\/uploads\/2022\/03\/Banner-QuiSom-GVC2.png 1500w, https:\/\/gvcoftalmologia.com\/wp-content\/uploads\/2022\/03\/Banner-QuiSom-GVC2-300x110.png 300w, https:\/\/gvcoftalmologia.com\/wp-content\/uploads\/2022\/03\/Banner-QuiSom-GVC2-1030x378.png 1030w, https:\/\/gvcoftalmologia.com\/wp-content\/uploads\/2022\/03\/Banner-QuiSom-GVC2-768x282.png 768w, https:\/\/gvcoftalmologia.com\/wp-content\/uploads\/2022\/03\/Banner-QuiSom-GVC2-705x259.png 705w, https:\/\/gvcoftalmologia.com\/wp-content\/uploads\/2022\/03\/Banner-QuiSom-GVC2-600x220.png 600w\" sizes=\"(max-width: 1500px) 100vw, 1500px\" \/><\/div><\/div><\/div>\n<\/div><\/div><\/div><div id='av-layout-grid-3'  class='av-layout-grid-container av-oj398-f9d07bbc5ec1381f6a88a121a68cf105 entry-content-wrapper main_color av-flex-cells  avia-builder-el-13  el_after_av_layout_row  el_before_av_layout_row  grid-row-not-first  container_wrap sidebar_right'  >\n\n<style type=\"text\/css\" data-created_by=\"avia_inline_auto\" id=\"style-css-av-56scr0-45cd76e1b0d5ddde9b3e6be114ddbe85\">\n.flex_cell.av-56scr0-45cd76e1b0d5ddde9b3e6be114ddbe85{\nvertical-align:top;\n}\n.responsive #top #wrap_all .flex_cell.av-56scr0-45cd76e1b0d5ddde9b3e6be114ddbe85{\npadding:0px 0px 0px 0px !important;\n}\n<\/style>\n<div class='flex_cell av-56scr0-45cd76e1b0d5ddde9b3e6be114ddbe85 av-gridrow-cell av_one_half no_margin  avia-builder-el-14  el_before_av_cell_one_half  avia-builder-el-first  av-zero-padding'  ><div class='flex_cell_inner'>\n<style type=\"text\/css\" data-created_by=\"avia_inline_auto\" id=\"style-css-av-k6qi2muy-41fbfe014a674ff77d8208f73dc82119\">\n.avia-image-container.av-k6qi2muy-41fbfe014a674ff77d8208f73dc82119 img.avia_image{\nbox-shadow:none;\n}\n.avia-image-container.av-k6qi2muy-41fbfe014a674ff77d8208f73dc82119 .av-image-caption-overlay-center{\ncolor:#ffffff;\n}\n<\/style>\n<div  class='avia-image-container av-k6qi2muy-41fbfe014a674ff77d8208f73dc82119 av-styling- avia-align-center  avia-builder-el-15  avia-builder-el-no-sibling '   itemprop=\"image\" itemscope=\"itemscope\" itemtype=\"https:\/\/schema.org\/ImageObject\" ><div class=\"avia-image-container-inner\"><div class=\"avia-image-overlay-wrap\"><img decoding=\"async\" fetchpriority=\"high\" class='wp-image-3340 avia-img-lazy-loading-not-3340 avia_image ' src=\"https:\/\/gvcoftalmologia.com\/wp-content\/uploads\/2022\/03\/Banner-QuiSom-2-GVC2.png\" alt='' title='Banner-QuiSom-2-GVC2'  height=\"550\" width=\"1500\"  itemprop=\"thumbnailUrl\" srcset=\"https:\/\/gvcoftalmologia.com\/wp-content\/uploads\/2022\/03\/Banner-QuiSom-2-GVC2.png 1500w, https:\/\/gvcoftalmologia.com\/wp-content\/uploads\/2022\/03\/Banner-QuiSom-2-GVC2-300x110.png 300w, https:\/\/gvcoftalmologia.com\/wp-content\/uploads\/2022\/03\/Banner-QuiSom-2-GVC2-1030x378.png 1030w, https:\/\/gvcoftalmologia.com\/wp-content\/uploads\/2022\/03\/Banner-QuiSom-2-GVC2-768x282.png 768w, https:\/\/gvcoftalmologia.com\/wp-content\/uploads\/2022\/03\/Banner-QuiSom-2-GVC2-705x259.png 705w, https:\/\/gvcoftalmologia.com\/wp-content\/uploads\/2022\/03\/Banner-QuiSom-2-GVC2-600x220.png 600w\" sizes=\"(max-width: 1500px) 100vw, 1500px\" \/><\/div><\/div><\/div>\n<\/div><\/div>\n<style type=\"text\/css\" data-created_by=\"avia_inline_auto\" id=\"style-css-av-fil5o-98cbf01accee1ace1ec4dde43eb67368\">\n.flex_cell.av-fil5o-98cbf01accee1ace1ec4dde43eb67368{\nvertical-align:middle;\n}\n.responsive #top #wrap_all .flex_cell.av-fil5o-98cbf01accee1ace1ec4dde43eb67368{\npadding:30px 30px 30px 30px !important;\n}\n<\/style>\n<div class='flex_cell av-fil5o-98cbf01accee1ace1ec4dde43eb67368 av-gridrow-cell av_one_half no_margin  avia-builder-el-16  el_after_av_cell_one_half  avia-builder-el-last '  ><div class='flex_cell_inner'>\n<style type=\"text\/css\" data-created_by=\"avia_inline_auto\" id=\"style-css-av-2ujaxo-f2b93e38fc48d24105b19e574720f22c\">\n#top .av_textblock_section.av-2ujaxo-f2b93e38fc48d24105b19e574720f22c .avia_textblock{\ncolor:#1499b5;\n}\n<\/style>\n<section  class='av_textblock_section av-2ujaxo-f2b93e38fc48d24105b19e574720f22c '   itemscope=\"itemscope\" itemtype=\"https:\/\/schema.org\/CreativeWork\" ><div class='avia_textblock av_inherit_color'  itemprop=\"text\" ><h2><\/h2>\n<p class=\"p1\">GLOBAL VISION CARE s&#8217;integra dins del centre m\u00e8dic com un servei m\u00e9s, buscant la col\u00b7laboraci\u00f3 amb altres especialitats m\u00e8diques, facilitant sempre el treball en equip amb altres professionals i mantenint<br \/>\nuna estreta col\u00b7laboraci\u00f3 amb la direcci\u00f3 del centre basada en la confian\u00e7a m\u00fatua, la transpar\u00e8ncia i la cerca d&#8217;objectius comuns.<\/p>\n<\/div><\/section>\n<\/div><\/div><\/div><div id='av-layout-grid-4'  class='av-layout-grid-container av-oj398-f9d07bbc5ec1381f6a88a121a68cf105 entry-content-wrapper main_color av-flex-cells  avia-builder-el-18  el_after_av_layout_row  el_before_av_hr  grid-row-not-first  container_wrap sidebar_right'  >\n\n<style type=\"text\/css\" data-created_by=\"avia_inline_auto\" id=\"style-css-av-56scr0-2eb17ba318791a32d04fab3789e29406\">\n.flex_cell.av-56scr0-2eb17ba318791a32d04fab3789e29406{\nvertical-align:middle;\n}\n.responsive #top #wrap_all .flex_cell.av-56scr0-2eb17ba318791a32d04fab3789e29406{\npadding:30px 30px 30px 30px !important;\n}\n<\/style>\n<div class='flex_cell av-56scr0-2eb17ba318791a32d04fab3789e29406 av-gridrow-cell av_one_half no_margin  avia-builder-el-19  el_before_av_cell_one_half  avia-builder-el-first '  ><div class='flex_cell_inner'>\n<style type=\"text\/css\" data-created_by=\"avia_inline_auto\" id=\"style-css-av-2ujaxo-f2b93e38fc48d24105b19e574720f22c\">\n#top .av_textblock_section.av-2ujaxo-f2b93e38fc48d24105b19e574720f22c .avia_textblock{\ncolor:#1499b5;\n}\n<\/style>\n<section  class='av_textblock_section av-2ujaxo-f2b93e38fc48d24105b19e574720f22c '   itemscope=\"itemscope\" itemtype=\"https:\/\/schema.org\/CreativeWork\" ><div class='avia_textblock av_inherit_color'  itemprop=\"text\" ><p class=\"p1\" style=\"text-align: right;\">Els valors que ens guien s\u00f3n l&#8217;excel\u00b7l\u00e8ncia i la responsabilitat en la nostra pr\u00e0ctica di\u00e0ria, buscant<br \/>\nsempre un tracte agradable i pr\u00f2xim amb el pacient, permetent que pugui localitzar-nos quan precisi.<\/p>\n<p class=\"p1\" style=\"text-align: right;\">Un valor important tamb\u00e9 \u00e9s la formaci\u00f3 del nostre equip. Els nostres professionals s\u00f3n pioners en les seves especialitats i estan al dia en els \u00faltims avan\u00e7os tecnol\u00f2gics, tant a nivell cl\u00ednic com a nivell quir\u00fargic. Destacant per la seva participaci\u00f3 en estudis, congressos nacionals i internacionals, formacions i publicacions.<\/p>\n<p class=\"p1\" style=\"text-align: right;\">A m\u00e9s, els nostres professionals s\u00f3n tamb\u00e9 docents i formadors.<span class=\"Apple-converted-space\">\u00a0 <\/span>Imparteixen cursos, formen altres professionals, organitzen esdeveniments formatius i dirigeixen treballs.<span class=\"Apple-converted-space\">\u00a0 <\/span>Acollim alumnes del M\u00e0ster<br \/>\nd&#8217;Infermeria Oftalmol\u00f2gica i del M\u00e0ster d&#8217;Optometria i Ci\u00e8ncies de la Visi\u00f3.<\/p>\n<\/div><\/section>\n<\/div><\/div>\n<style type=\"text\/css\" data-created_by=\"avia_inline_auto\" id=\"style-css-av-fil5o-437b84d937093e46881c53e194168e56\">\n.flex_cell.av-fil5o-437b84d937093e46881c53e194168e56{\nvertical-align:top;\n}\n.responsive #top #wrap_all .flex_cell.av-fil5o-437b84d937093e46881c53e194168e56{\npadding:0px 0px 0px 0px !important;\n}\n<\/style>\n<div class='flex_cell av-fil5o-437b84d937093e46881c53e194168e56 av-gridrow-cell av_one_half no_margin  avia-builder-el-21  el_after_av_cell_one_half  avia-builder-el-last  av-zero-padding'  ><div class='flex_cell_inner'>\n<style type=\"text\/css\" data-created_by=\"avia_inline_auto\" id=\"style-css-av-2tunl8-9394ffa61b880953d0b4287b142e45aa\">\n.avia-image-container.av-2tunl8-9394ffa61b880953d0b4287b142e45aa img.avia_image{\nbox-shadow:none;\n}\n.avia-image-container.av-2tunl8-9394ffa61b880953d0b4287b142e45aa .av-image-caption-overlay-center{\ncolor:#ffffff;\n}\n<\/style>\n<div  class='avia-image-container av-2tunl8-9394ffa61b880953d0b4287b142e45aa av-styling- avia-align-center  avia-builder-el-22  avia-builder-el-no-sibling '   itemprop=\"image\" itemscope=\"itemscope\" itemtype=\"https:\/\/schema.org\/ImageObject\" ><div class=\"avia-image-container-inner\"><div class=\"avia-image-overlay-wrap\"><img decoding=\"async\" fetchpriority=\"high\" class='wp-image-3338 avia-img-lazy-loading-not-3338 avia_image ' src=\"https:\/\/gvcoftalmologia.com\/wp-content\/uploads\/2022\/03\/Banner-QuiSom-3-GVC2.png\" alt='' title='Banner-QuiSom-3-GVC2'  height=\"550\" width=\"1500\"  itemprop=\"thumbnailUrl\" srcset=\"https:\/\/gvcoftalmologia.com\/wp-content\/uploads\/2022\/03\/Banner-QuiSom-3-GVC2.png 1500w, https:\/\/gvcoftalmologia.com\/wp-content\/uploads\/2022\/03\/Banner-QuiSom-3-GVC2-300x110.png 300w, https:\/\/gvcoftalmologia.com\/wp-content\/uploads\/2022\/03\/Banner-QuiSom-3-GVC2-1030x378.png 1030w, https:\/\/gvcoftalmologia.com\/wp-content\/uploads\/2022\/03\/Banner-QuiSom-3-GVC2-768x282.png 768w, https:\/\/gvcoftalmologia.com\/wp-content\/uploads\/2022\/03\/Banner-QuiSom-3-GVC2-705x259.png 705w, https:\/\/gvcoftalmologia.com\/wp-content\/uploads\/2022\/03\/Banner-QuiSom-3-GVC2-600x220.png 600w\" sizes=\"(max-width: 1500px) 100vw, 1500px\" \/><\/div><\/div><\/div>\n<\/div><\/div><\/div><div id='after_grid_row_4'  class='main_color av_default_container_wrap container_wrap sidebar_right'  ><div class='container av-section-cont-open' ><div class='template-page content  av-content-small alpha units'><div class='post-entry post-entry-type-page post-entry-2134'><div class='entry-content-wrapper clearfix'>\n<style type=\"text\/css\" data-created_by=\"avia_inline_auto\" id=\"style-css-av-k6qixd2o-320f875d68255169812ebdeed104a957\">\n#top .hr.hr-invisible.av-k6qixd2o-320f875d68255169812ebdeed104a957{\nheight:100px;\n}\n<\/style>\n<div  class='hr av-k6qixd2o-320f875d68255169812ebdeed104a957 hr-invisible  avia-builder-el-23  el_after_av_layout_row  avia-builder-el-no-sibling '><span class='hr-inner '><span class=\"hr-inner-style\"><\/span><\/span><\/div><\/p>\n","protected":false},"excerpt":{"rendered":"","protected":false},"author":2,"featured_media":0,"parent":0,"menu_order":0,"comment_status":"closed","ping_status":"closed","template":"","meta":{"footnotes":""},"class_list":["post-2134","page","type-page","status-publish","hentry"],"yoast_head":"<!-- This site is optimized with the Yoast SEO plugin v27.3 - https:\/\/yoast.com\/product\/yoast-seo-wordpress\/ -->\n<title>Qui som? - gvcoftalmologia.com<\/title>\n<meta name=\"robots\" content=\"index, follow, max-snippet:-1, max-image-preview:large, max-video-preview:-1\" \/>\n<link rel=\"canonical\" href=\"https:\/\/gvcoftalmologia.com\/ca\/quienes-somos\/\" \/>\n<meta property=\"og:locale\" content=\"ca_ES\" \/>\n<meta property=\"og:type\" content=\"article\" \/>\n<meta property=\"og:title\" content=\"Qui som? - gvcoftalmologia.com\" \/>\n<meta property=\"og:url\" content=\"https:\/\/gvcoftalmologia.com\/ca\/quienes-somos\/\" \/>\n<meta property=\"og:site_name\" content=\"gvcoftalmologia.com\" \/>\n<meta property=\"article:modified_time\" content=\"2022-03-18T09:57:45+00:00\" \/>\n<meta name=\"twitter:card\" content=\"summary_large_image\" \/>\n<meta name=\"twitter:label1\" content=\"Temps estimat de lectura\" \/>\n\t<meta name=\"twitter:data1\" content=\"9 minuts\" \/>\n<script type=\"application\/ld+json\" class=\"yoast-schema-graph\">{\"@context\":\"https:\\\/\\\/schema.org\",\"@graph\":[{\"@type\":\"WebPage\",\"@id\":\"https:\\\/\\\/gvcoftalmologia.com\\\/ca\\\/quienes-somos\\\/\",\"url\":\"https:\\\/\\\/gvcoftalmologia.com\\\/ca\\\/quienes-somos\\\/\",\"name\":\"Qui som? - gvcoftalmologia.com\",\"isPartOf\":{\"@id\":\"https:\\\/\\\/gvcoftalmologia.com\\\/ca\\\/#website\"},\"datePublished\":\"2020-03-16T07:48:22+00:00\",\"dateModified\":\"2022-03-18T09:57:45+00:00\",\"breadcrumb\":{\"@id\":\"https:\\\/\\\/gvcoftalmologia.com\\\/ca\\\/quienes-somos\\\/#breadcrumb\"},\"inLanguage\":\"ca\",\"potentialAction\":[{\"@type\":\"ReadAction\",\"target\":[\"https:\\\/\\\/gvcoftalmologia.com\\\/ca\\\/quienes-somos\\\/\"]}]},{\"@type\":\"BreadcrumbList\",\"@id\":\"https:\\\/\\\/gvcoftalmologia.com\\\/ca\\\/quienes-somos\\\/#breadcrumb\",\"itemListElement\":[{\"@type\":\"ListItem\",\"position\":1,\"name\":\"Portada\",\"item\":\"https:\\\/\\\/gvcoftalmologia.com\\\/ca\\\/home\\\/\"},{\"@type\":\"ListItem\",\"position\":2,\"name\":\"Qui som?\"}]},{\"@type\":\"WebSite\",\"@id\":\"https:\\\/\\\/gvcoftalmologia.com\\\/ca\\\/#website\",\"url\":\"https:\\\/\\\/gvcoftalmologia.com\\\/ca\\\/\",\"name\":\"gvcoftalmologia.com\",\"description\":\"Just another WordPress site\",\"potentialAction\":[{\"@type\":\"SearchAction\",\"target\":{\"@type\":\"EntryPoint\",\"urlTemplate\":\"https:\\\/\\\/gvcoftalmologia.com\\\/ca\\\/?s={search_term_string}\"},\"query-input\":{\"@type\":\"PropertyValueSpecification\",\"valueRequired\":true,\"valueName\":\"search_term_string\"}}],\"inLanguage\":\"ca\"}]}<\/script>\n<!-- \/ Yoast SEO plugin. -->","yoast_head_json":{"title":"Qui som? - gvcoftalmologia.com","robots":{"index":"index","follow":"follow","max-snippet":"max-snippet:-1","max-image-preview":"max-image-preview:large","max-video-preview":"max-video-preview:-1"},"canonical":"https:\/\/gvcoftalmologia.com\/ca\/quienes-somos\/","og_locale":"ca_ES","og_type":"article","og_title":"Qui som? - gvcoftalmologia.com","og_url":"https:\/\/gvcoftalmologia.com\/ca\/quienes-somos\/","og_site_name":"gvcoftalmologia.com","article_modified_time":"2022-03-18T09:57:45+00:00","twitter_card":"summary_large_image","twitter_misc":{"Temps estimat de lectura":"9 minuts"},"schema":{"@context":"https:\/\/schema.org","@graph":[{"@type":"WebPage","@id":"https:\/\/gvcoftalmologia.com\/ca\/quienes-somos\/","url":"https:\/\/gvcoftalmologia.com\/ca\/quienes-somos\/","name":"Qui som? - gvcoftalmologia.com","isPartOf":{"@id":"https:\/\/gvcoftalmologia.com\/ca\/#website"},"datePublished":"2020-03-16T07:48:22+00:00","dateModified":"2022-03-18T09:57:45+00:00","breadcrumb":{"@id":"https:\/\/gvcoftalmologia.com\/ca\/quienes-somos\/#breadcrumb"},"inLanguage":"ca","potentialAction":[{"@type":"ReadAction","target":["https:\/\/gvcoftalmologia.com\/ca\/quienes-somos\/"]}]},{"@type":"BreadcrumbList","@id":"https:\/\/gvcoftalmologia.com\/ca\/quienes-somos\/#breadcrumb","itemListElement":[{"@type":"ListItem","position":1,"name":"Portada","item":"https:\/\/gvcoftalmologia.com\/ca\/home\/"},{"@type":"ListItem","position":2,"name":"Qui som?"}]},{"@type":"WebSite","@id":"https:\/\/gvcoftalmologia.com\/ca\/#website","url":"https:\/\/gvcoftalmologia.com\/ca\/","name":"gvcoftalmologia.com","description":"Just another WordPress site","potentialAction":[{"@type":"SearchAction","target":{"@type":"EntryPoint","urlTemplate":"https:\/\/gvcoftalmologia.com\/ca\/?s={search_term_string}"},"query-input":{"@type":"PropertyValueSpecification","valueRequired":true,"valueName":"search_term_string"}}],"inLanguage":"ca"}]}},"_links":{"self":[{"href":"https:\/\/gvcoftalmologia.com\/ca\/wp-json\/wp\/v2\/pages\/2134","targetHints":{"allow":["GET"]}}],"collection":[{"href":"https:\/\/gvcoftalmologia.com\/ca\/wp-json\/wp\/v2\/pages"}],"about":[{"href":"https:\/\/gvcoftalmologia.com\/ca\/wp-json\/wp\/v2\/types\/page"}],"author":[{"embeddable":true,"href":"https:\/\/gvcoftalmologia.com\/ca\/wp-json\/wp\/v2\/users\/2"}],"replies":[{"embeddable":true,"href":"https:\/\/gvcoftalmologia.com\/ca\/wp-json\/wp\/v2\/comments?post=2134"}],"version-history":[{"count":6,"href":"https:\/\/gvcoftalmologia.com\/ca\/wp-json\/wp\/v2\/pages\/2134\/revisions"}],"predecessor-version":[{"id":3344,"href":"https:\/\/gvcoftalmologia.com\/ca\/wp-json\/wp\/v2\/pages\/2134\/revisions\/3344"}],"wp:attachment":[{"href":"https:\/\/gvcoftalmologia.com\/ca\/wp-json\/wp\/v2\/media?parent=2134"}],"curies":[{"name":"wp","href":"https:\/\/api.w.org\/{rel}","templated":true}]}}