{"id":2133,"date":"2020-03-16T07:47:48","date_gmt":"2020-03-16T07:47:48","guid":{"rendered":"http:\/\/gvcoftalmologia.com\/politica-de-privacidad\/"},"modified":"2020-03-16T07:47:48","modified_gmt":"2020-03-16T07:47:48","slug":"politica-de-privacidad","status":"publish","type":"page","link":"https:\/\/gvcoftalmologia.com\/ca\/politica-de-privacidad\/","title":{"rendered":"Pol\u00edtica de privacidad"},"content":{"rendered":"<h1>Pol\u00edtica de privacidad<\/h1>\n<p>En cumplimiento de lo que dispone el Reglamento 2016\/679, del Parlamento Europeo y del Consejo, de 27 de abril de 2016, GLOBAL VISION CARE, S.L.P., como responsable del sitio web: <a href=\"https:\/\/gvcoftalmologia.com\/\">https:\/\/gvcoftalmologia.com\/<\/a> informa a todos los usuarios que faciliten o tengan intenci\u00f3n de facilitar sus datos personales, que ser\u00e1n objetos de tratamiento que se haya registrado entre las actividades de tratamiento de GLOBAL VISION CARE, S.L.P. conforme a lo que est\u00e1 previsto en el art\u00edculo 30 del RGPD.<\/p>\n<p>El titular es GLOBAL VISION CARE, S.L.P. los datos identificativos y registrales encabezan este aviso legal. GLOBAL VISION CARE, S.L.P. mediante los formularios que pone a disposici\u00f3n del usuario, puede recopilar la informaci\u00f3n personal que se detallar\u00e1 a continuaci\u00f3n con el fin de adecuar nuestras ofertas comerciales a sus peticiones para poderle ofrecer un servicio m\u00e1s personalizado y eficaz: nombre y apellidos, direcci\u00f3n postal, correo electr\u00f3nico y n\u00ba de tel\u00e9fono.<\/p>\n<p>El usuario proporciona la informaci\u00f3n solicitada voluntariamente. La negativa a suministrarla, tiene como \u00fanica consecuencia para el usuario, no recibir informaci\u00f3n ajustada a sus preferencias ni tampoco a los servicios que ofrece el sitio web.<\/p>\n<p>Al marcar la casilla correspondiente, el usuario acepta expresamente y de forma libre, que sus datos personales sean tratos por GLOBAL VISION CARE, S.L.P. con las siguientes finalidades:<\/p>\n<p>Informaci\u00f3n: de los productos y servicios de la empresa.<\/p>\n<p>Facilita posibilidad de solicitar la ficha t\u00e9cnica de los productos.<\/p>\n<p>Informar sobre las novedades.<\/p>\n<p>GLOBAL VISION CARE, S.L.P. en cuanto a responsable del tratamiento de los datos de car\u00e1cter personal, est\u00e1 obligada al deber de secreto profesional respecto a todos los datos, as\u00ed como a custodiarlas. Estas obligaciones subsistir\u00e1n despu\u00e9s de finalizar las relaciones del usuario con GLOBAL VISION CARE, S.L.P.<\/p>\n<p>El usuario tiene la facultad de ejercitar los derechos de acceso, rectificaci\u00f3n, supresi\u00f3n, limitaci\u00f3n del tratamiento, portabilidad y de oposici\u00f3n de sus datos de acuerdo con aquello que dispone la normativa en materia de protecci\u00f3n de datos. Para ejercerlos, tendr\u00e1 que dirigirse por escrito al Delegado de Protecci\u00f3n de Datos a GLOBAL VISION CARE, S.L.P. | B66812561 | C\/ Pagesia 40 . 08304 Barcelona| en cualquier caso se tendr\u00e1 que adjuntar una fotocopia de su documento nacional de identidad o bien equivalente.<\/p>\n","protected":false},"excerpt":{"rendered":"<p>Pol\u00edtica de privacidad En cumplimiento de lo que dispone el Reglamento 2016\/679, del Parlamento Europeo y del Consejo, de 27 de abril de 2016, GLOBAL VISION CARE, S.L.P., como responsable del sitio web: https:\/\/gvcoftalmologia.com\/ informa a todos los usuarios que faciliten o tengan intenci\u00f3n de facilitar sus datos personales, que ser\u00e1n objetos de tratamiento que [&hellip;]<\/p>\n","protected":false},"author":2,"featured_media":0,"parent":0,"menu_order":0,"comment_status":"closed","ping_status":"closed","template":"","meta":{"footnotes":""},"class_list":["post-2133","page","type-page","status-publish","hentry"],"yoast_head":"<!-- This site is optimized with the Yoast SEO plugin v27.4 - https:\/\/yoast.com\/product\/yoast-seo-wordpress\/ -->\n<title>Pol\u00edtica de privacidad - gvcoftalmologia.com<\/title>\n<meta name=\"robots\" content=\"index, follow, max-snippet:-1, max-image-preview:large, max-video-preview:-1\" \/>\n<link rel=\"canonical\" href=\"https:\/\/gvcoftalmologia.com\/ca\/politica-de-privacidad\/\" \/>\n<meta property=\"og:locale\" content=\"ca_ES\" \/>\n<meta property=\"og:type\" content=\"article\" \/>\n<meta property=\"og:title\" content=\"Pol\u00edtica de privacidad - gvcoftalmologia.com\" \/>\n<meta property=\"og:description\" content=\"Pol\u00edtica de privacidad En cumplimiento de lo que dispone el Reglamento 2016\/679, del Parlamento Europeo y del Consejo, de 27 de abril de 2016, GLOBAL VISION CARE, S.L.P., como responsable del sitio web: https:\/\/gvcoftalmologia.com\/ informa a todos los usuarios que faciliten o tengan intenci\u00f3n de facilitar sus datos personales, que ser\u00e1n objetos de tratamiento que [&hellip;]\" \/>\n<meta property=\"og:url\" content=\"https:\/\/gvcoftalmologia.com\/ca\/politica-de-privacidad\/\" \/>\n<meta property=\"og:site_name\" content=\"gvcoftalmologia.com\" \/>\n<meta name=\"twitter:card\" content=\"summary_large_image\" \/>\n<meta name=\"twitter:label1\" content=\"Temps estimat de lectura\" \/>\n\t<meta name=\"twitter:data1\" content=\"2 minuts\" \/>\n<script type=\"application\/ld+json\" class=\"yoast-schema-graph\">{\"@context\":\"https:\\\/\\\/schema.org\",\"@graph\":[{\"@type\":\"WebPage\",\"@id\":\"https:\\\/\\\/gvcoftalmologia.com\\\/ca\\\/politica-de-privacidad\\\/\",\"url\":\"https:\\\/\\\/gvcoftalmologia.com\\\/ca\\\/politica-de-privacidad\\\/\",\"name\":\"Pol\u00edtica de privacidad - gvcoftalmologia.com\",\"isPartOf\":{\"@id\":\"https:\\\/\\\/gvcoftalmologia.com\\\/ca\\\/#website\"},\"datePublished\":\"2020-03-16T07:47:48+00:00\",\"breadcrumb\":{\"@id\":\"https:\\\/\\\/gvcoftalmologia.com\\\/ca\\\/politica-de-privacidad\\\/#breadcrumb\"},\"inLanguage\":\"ca\",\"potentialAction\":[{\"@type\":\"ReadAction\",\"target\":[\"https:\\\/\\\/gvcoftalmologia.com\\\/ca\\\/politica-de-privacidad\\\/\"]}]},{\"@type\":\"BreadcrumbList\",\"@id\":\"https:\\\/\\\/gvcoftalmologia.com\\\/ca\\\/politica-de-privacidad\\\/#breadcrumb\",\"itemListElement\":[{\"@type\":\"ListItem\",\"position\":1,\"name\":\"Portada\",\"item\":\"https:\\\/\\\/gvcoftalmologia.com\\\/ca\\\/home\\\/\"},{\"@type\":\"ListItem\",\"position\":2,\"name\":\"Pol\u00edtica de privacidad\"}]},{\"@type\":\"WebSite\",\"@id\":\"https:\\\/\\\/gvcoftalmologia.com\\\/ca\\\/#website\",\"url\":\"https:\\\/\\\/gvcoftalmologia.com\\\/ca\\\/\",\"name\":\"gvcoftalmologia.com\",\"description\":\"Just another WordPress site\",\"potentialAction\":[{\"@type\":\"SearchAction\",\"target\":{\"@type\":\"EntryPoint\",\"urlTemplate\":\"https:\\\/\\\/gvcoftalmologia.com\\\/ca\\\/?s={search_term_string}\"},\"query-input\":{\"@type\":\"PropertyValueSpecification\",\"valueRequired\":true,\"valueName\":\"search_term_string\"}}],\"inLanguage\":\"ca\"}]}<\/script>\n<!-- \/ Yoast SEO plugin. -->","yoast_head_json":{"title":"Pol\u00edtica de privacidad - gvcoftalmologia.com","robots":{"index":"index","follow":"follow","max-snippet":"max-snippet:-1","max-image-preview":"max-image-preview:large","max-video-preview":"max-video-preview:-1"},"canonical":"https:\/\/gvcoftalmologia.com\/ca\/politica-de-privacidad\/","og_locale":"ca_ES","og_type":"article","og_title":"Pol\u00edtica de privacidad - gvcoftalmologia.com","og_description":"Pol\u00edtica de privacidad En cumplimiento de lo que dispone el Reglamento 2016\/679, del Parlamento Europeo y del Consejo, de 27 de abril de 2016, GLOBAL VISION CARE, S.L.P., como responsable del sitio web: https:\/\/gvcoftalmologia.com\/ informa a todos los usuarios que faciliten o tengan intenci\u00f3n de facilitar sus datos personales, que ser\u00e1n objetos de tratamiento que [&hellip;]","og_url":"https:\/\/gvcoftalmologia.com\/ca\/politica-de-privacidad\/","og_site_name":"gvcoftalmologia.com","twitter_card":"summary_large_image","twitter_misc":{"Temps estimat de lectura":"2 minuts"},"schema":{"@context":"https:\/\/schema.org","@graph":[{"@type":"WebPage","@id":"https:\/\/gvcoftalmologia.com\/ca\/politica-de-privacidad\/","url":"https:\/\/gvcoftalmologia.com\/ca\/politica-de-privacidad\/","name":"Pol\u00edtica de privacidad - gvcoftalmologia.com","isPartOf":{"@id":"https:\/\/gvcoftalmologia.com\/ca\/#website"},"datePublished":"2020-03-16T07:47:48+00:00","breadcrumb":{"@id":"https:\/\/gvcoftalmologia.com\/ca\/politica-de-privacidad\/#breadcrumb"},"inLanguage":"ca","potentialAction":[{"@type":"ReadAction","target":["https:\/\/gvcoftalmologia.com\/ca\/politica-de-privacidad\/"]}]},{"@type":"BreadcrumbList","@id":"https:\/\/gvcoftalmologia.com\/ca\/politica-de-privacidad\/#breadcrumb","itemListElement":[{"@type":"ListItem","position":1,"name":"Portada","item":"https:\/\/gvcoftalmologia.com\/ca\/home\/"},{"@type":"ListItem","position":2,"name":"Pol\u00edtica de privacidad"}]},{"@type":"WebSite","@id":"https:\/\/gvcoftalmologia.com\/ca\/#website","url":"https:\/\/gvcoftalmologia.com\/ca\/","name":"gvcoftalmologia.com","description":"Just another WordPress site","potentialAction":[{"@type":"SearchAction","target":{"@type":"EntryPoint","urlTemplate":"https:\/\/gvcoftalmologia.com\/ca\/?s={search_term_string}"},"query-input":{"@type":"PropertyValueSpecification","valueRequired":true,"valueName":"search_term_string"}}],"inLanguage":"ca"}]}},"_links":{"self":[{"href":"https:\/\/gvcoftalmologia.com\/ca\/wp-json\/wp\/v2\/pages\/2133","targetHints":{"allow":["GET"]}}],"collection":[{"href":"https:\/\/gvcoftalmologia.com\/ca\/wp-json\/wp\/v2\/pages"}],"about":[{"href":"https:\/\/gvcoftalmologia.com\/ca\/wp-json\/wp\/v2\/types\/page"}],"author":[{"embeddable":true,"href":"https:\/\/gvcoftalmologia.com\/ca\/wp-json\/wp\/v2\/users\/2"}],"replies":[{"embeddable":true,"href":"https:\/\/gvcoftalmologia.com\/ca\/wp-json\/wp\/v2\/comments?post=2133"}],"version-history":[{"count":0,"href":"https:\/\/gvcoftalmologia.com\/ca\/wp-json\/wp\/v2\/pages\/2133\/revisions"}],"wp:attachment":[{"href":"https:\/\/gvcoftalmologia.com\/ca\/wp-json\/wp\/v2\/media?parent=2133"}],"curies":[{"name":"wp","href":"https:\/\/api.w.org\/{rel}","templated":true}]}}