{"id":2091,"date":"2020-03-16T07:38:01","date_gmt":"2020-03-16T07:38:01","guid":{"rendered":"http:\/\/gvcoftalmologia.com\/especialidades\/cataratas\/"},"modified":"2023-06-26T10:51:45","modified_gmt":"2023-06-26T10:51:45","slug":"cataratas","status":"publish","type":"page","link":"https:\/\/gvcoftalmologia.com\/ca\/especialidades\/cataratas\/","title":{"rendered":"Cataractes"},"content":{"rendered":"\n<style type=\"text\/css\" data-created_by=\"avia_inline_auto\" id=\"style-css-av-abasuy-f7f7a4a66c3e52363f92af659e33218f\">\n.avia-section.av-abasuy-f7f7a4a66c3e52363f92af659e33218f{\nbackground-color:#036375;\nbackground:linear-gradient( to right, #036375, #19dee5 );\n}\n<\/style>\n<div id='av_section_1'  class='avia-section av-abasuy-f7f7a4a66c3e52363f92af659e33218f main_color avia-section-default avia-no-border-styling  avia-builder-el-0  el_before_av_slideshow_full  avia-builder-el-first  avia-bg-style-scroll container_wrap sidebar_right'  ><div class='container av-section-cont-open' ><main  role=\"main\" itemprop=\"mainContentOfPage\"  class='template-page content  av-content-small alpha units'><div class='post-entry post-entry-type-page post-entry-2091'><div class='entry-content-wrapper clearfix'>\n\n<style type=\"text\/css\" data-created_by=\"avia_inline_auto\" id=\"style-css-av-9hj4m2-c9519031fe1a60680d3eb28935e977f7\">\n.flex_column.av-9hj4m2-c9519031fe1a60680d3eb28935e977f7{\nborder-radius:0px 0px 0px 0px;\npadding:0px 0px 0px 0px;\n}\n<\/style>\n<div  class='flex_column av-9hj4m2-c9519031fe1a60680d3eb28935e977f7 av_one_full  avia-builder-el-1  avia-builder-el-no-sibling  first flex_column_div av-zero-column-padding  '     ><style type=\"text\/css\" data-created_by=\"avia_inline_auto\" id=\"style-css-av-k6qe114i-50bbf972ad7533d89362cfd0a15b89a6\">\n#top .av_textblock_section.av-k6qe114i-50bbf972ad7533d89362cfd0a15b89a6 .avia_textblock{\ncolor:#ffffff;\n}\n<\/style>\n<section  class='av_textblock_section av-k6qe114i-50bbf972ad7533d89362cfd0a15b89a6 '   itemscope=\"itemscope\" itemtype=\"https:\/\/schema.org\/CreativeWork\" ><div class='avia_textblock av_inherit_color'  itemprop=\"text\" ><h2 style=\"text-align: center;\">CATARACTES<\/h2>\n<\/div><\/section><\/div>\n\n<\/div><\/div><\/main><!-- close content main element --><\/div><\/div><div id='full_slider_1'  class='avia-fullwidth-slider main_color avia-shadow   avia-builder-el-3  el_after_av_section  el_before_av_section   slider-not-first container_wrap sidebar_right'  ><div  class='avia-slideshow av-k76488rz-247fe7291ccf2865718706c485371f27 avia-slideshow-featured av_slideshow_full avia-slide-slider av-slideshow-ui av-control-default av-slideshow-manual av-loop-once av-loop-manual-endless av-default-height-applied   avia-slideshow-1' data-slideshow-options=\"{&quot;animation&quot;:&quot;slide&quot;,&quot;autoplay&quot;:false,&quot;loop_autoplay&quot;:&quot;once&quot;,&quot;interval&quot;:5,&quot;loop_manual&quot;:&quot;manual-endless&quot;,&quot;autoplay_stopper&quot;:false,&quot;noNavigation&quot;:false,&quot;bg_slider&quot;:false,&quot;keep_padding&quot;:false,&quot;hoverpause&quot;:false,&quot;show_slide_delay&quot;:0}\"  itemprop=\"image\" itemscope=\"itemscope\" itemtype=\"https:\/\/schema.org\/ImageObject\" ><ul class='avia-slideshow-inner ' style='padding-bottom: 28.666666666667%;'><li  class='avia-slideshow-slide av-k76488rz-247fe7291ccf2865718706c485371f27__0  av-single-slide slide-1 slide-odd'><div data-rel='slideshow-1' class='avia-slide-wrap '   ><img decoding=\"async\" fetchpriority=\"high\" class=\"wp-image-3771 avia-img-lazy-loading-not-3771\"  src=\"https:\/\/gvcoftalmologia.com\/wp-content\/uploads\/2023\/06\/Sin-titulo-3.jpg\" width=\"1500\" height=\"430\" title='Sin t\u00edtulo-3' alt=''  itemprop=\"thumbnailUrl\" srcset=\"https:\/\/gvcoftalmologia.com\/wp-content\/uploads\/2023\/06\/Sin-titulo-3.jpg 1500w, https:\/\/gvcoftalmologia.com\/wp-content\/uploads\/2023\/06\/Sin-titulo-3-300x86.jpg 300w, https:\/\/gvcoftalmologia.com\/wp-content\/uploads\/2023\/06\/Sin-titulo-3-1030x295.jpg 1030w, https:\/\/gvcoftalmologia.com\/wp-content\/uploads\/2023\/06\/Sin-titulo-3-768x220.jpg 768w, https:\/\/gvcoftalmologia.com\/wp-content\/uploads\/2023\/06\/Sin-titulo-3-705x202.jpg 705w, https:\/\/gvcoftalmologia.com\/wp-content\/uploads\/2023\/06\/Sin-titulo-3-450x129.jpg 450w, https:\/\/gvcoftalmologia.com\/wp-content\/uploads\/2023\/06\/Sin-titulo-3-600x172.jpg 600w\" sizes=\"(max-width: 1500px) 100vw, 1500px\" \/><\/div><\/li><\/ul><\/div><\/div>\n<div id='av_section_2'  class='avia-section av-3947s0-c58cc6f779a17e66374bfffeb64ee61a main_color avia-section-default avia-no-border-styling  avia-builder-el-4  el_after_av_slideshow_full  el_before_av_slideshow_accordion  avia-bg-style-scroll container_wrap sidebar_right'  ><div class='container av-section-cont-open' ><div class='template-page content  av-content-small alpha units'><div class='post-entry post-entry-type-page post-entry-2091'><div class='entry-content-wrapper clearfix'>\n\n<style type=\"text\/css\" data-created_by=\"avia_inline_auto\" id=\"style-css-av-98gwq-6836d539c087f54531aca2ee5b2efe85\">\n.flex_column.av-98gwq-6836d539c087f54531aca2ee5b2efe85{\nborder-radius:0px 0px 0px 0px;\npadding:0px 0px 0px 0px;\n}\n<\/style>\n<div  class='flex_column av-98gwq-6836d539c087f54531aca2ee5b2efe85 av_one_full  avia-builder-el-5  avia-builder-el-no-sibling  first flex_column_div av-zero-column-padding  '     ><section  class='av_textblock_section av-k738nbjh-5b816ea86cded8c7f2bd8c6a4c113dd2 '   itemscope=\"itemscope\" itemtype=\"https:\/\/schema.org\/CreativeWork\" ><div class='avia_textblock'  itemprop=\"text\" ><p><strong>Qu\u00e8 \u00e9s la cataracta?<\/strong><\/p>\n<p>La cataracta \u00e9s la opacificaci\u00f3 o p\u00e8rdua de transpar\u00e8ncia del cristal\u00b7l\u00ed, un dels elements m\u00e9s importants del sistema \u00f2ptic de l&#8217;ull.<\/p>\n<p>Els raigs de llum passen a trav\u00e9s d&#8217;aquesta estructura anomenada cristal\u00b7l\u00ed fins a la retina formant aix\u00ed les imatges que posteriorment es processen en el cervell, a causa del pas del temps (i a altres possibles causes) la lent va perdent transpar\u00e8ncia provocant una p\u00e8rdua de visi\u00f3 progressiva no compensable<br \/>\namb ulleres.<\/p>\n<p>A part de la disminuci\u00f3 de visi\u00f3 tamb\u00e9 pot provocar disminuci\u00f3 de la percepci\u00f3 dels colors,<br \/>\nenlluernaments i visi\u00f3 d&#8217;halos, sobretot a la nit que provoquin una incomoditat en la vida di\u00e0ria com per exemple en la conducci\u00f3.<\/p>\n<p><strong>Per qu\u00e8 es produeix?<\/strong><\/p>\n<p>S&#8217;atribueix principalment a l&#8217;edat, tot i que hi ha moltes altres causes que comentarem a continuaci\u00f3.<\/p>\n<p>M\u00e9s d&#8217;un 80% de les cataractes apareixen a partir dels 65 anys a causa dels processos oxidatius que<br \/>\nafecten l&#8217;organisme, encara que existeixen cataractes que poden estar presents des del moment del<br \/>\nnaixement (cataractes cong\u00e8nites) o per altres motius aliens a l&#8217;edat com, per exemple: Traumatismes aguts, f\u00e0rmacs i t\u00f2xics, radiaci\u00f3, tumor intraocular, condicionants gen\u00e8tics, malalties sist\u00e8miques,<br \/>\nmalalties oculars o inflamacions oculars greus.<\/p>\n<p><strong>Tractaments<\/strong><\/p>\n<p>L&#8217;\u00fanic tractament possible i efica\u00e7 per a eliminar la cataracta \u00e9s la cirurgia, mitjan\u00e7ant una r\u00e0pida intervenci\u00f3 de tot just 20 minuts de durada que actua sobre el cristal\u00b7l\u00ed; at\u00e8s que es tracta d&#8217;una cirurgia segura i efica\u00e7 es pot realitzar en estadis inicials per a minimitzar l&#8217;impacte de la patologia. De moment no existeixen medicaments o ter\u00e0pies que permetin la seva prevenci\u00f3 o retardin la seva aparici\u00f3.<\/p>\n<p>En la cirurgia de cataracta es reempla\u00e7a el cristal\u00b7l\u00ed opac per una lent intraocular artificial. La lent implantada pot tenir diferents dissenys per a aix\u00ed poder ajustar-se a les necessitats visuals del pacient i aconseguir la m\u00e0xima independ\u00e8ncia de l&#8217;\u00fas de correcci\u00f3 \u00f2ptica despr\u00e9s de l&#8217;operaci\u00f3.<\/p>\n<p>Existeixen lents per a corregir la graduaci\u00f3 des de lluny i lents per a corregir la graduaci\u00f3 tant des de lluny com de prop i aix\u00ed aconseguir una independ\u00e8ncia total de l&#8217;\u00fas de les ulleres.<\/p>\n<\/div><\/section><\/div>\n\n\n<style type=\"text\/css\" data-created_by=\"avia_inline_auto\" id=\"style-css-av-k4145t5a-c5cc504e4e5374311475ab8411f73903\">\n.avia-accordion.av-k4145t5a-c5cc504e4e5374311475ab8411f73903{\nmax-height:430px;\n}\n.avia-accordion.av-k4145t5a-c5cc504e4e5374311475ab8411f73903 .aviaccordion-preview{\nwidth:13.1%;\n}\n#top .avia-accordion.av-k4145t5a-c5cc504e4e5374311475ab8411f73903 .aviaccordion-title{\nfont-size:18px;\n}\n\n@media only screen and (min-width: 768px) and (max-width: 989px){ \n#top .avia-accordion.av-k4145t5a-c5cc504e4e5374311475ab8411f73903 .aviaccordion-title{\nfont-size:14px;\n}\n}\n\n@media only screen and (min-width: 480px) and (max-width: 767px){ \n#top .avia-accordion.av-k4145t5a-c5cc504e4e5374311475ab8411f73903 .aviaccordion-title{\nfont-size:12px;\n}\n}\n\n@media only screen and (max-width: 479px){ \n#top .avia-accordion.av-k4145t5a-c5cc504e4e5374311475ab8411f73903 .aviaccordion-title{\nfont-size:10px;\n}\n}\n.avia-accordion .aviaccordion-slide.av-k4145t5a-c5cc504e4e5374311475ab8411f73903__0{\nleft:0%;\n}\n.avia-accordion .aviaccordion-slide.av-k4145t5a-c5cc504e4e5374311475ab8411f73903__1{\nleft:12.5%;\n}\n.avia-accordion .aviaccordion-slide.av-k4145t5a-c5cc504e4e5374311475ab8411f73903__2{\nleft:25%;\n}\n.avia-accordion .aviaccordion-slide.av-k4145t5a-c5cc504e4e5374311475ab8411f73903__3{\nleft:37.5%;\n}\n.avia-accordion .aviaccordion-slide.av-k4145t5a-c5cc504e4e5374311475ab8411f73903__4{\nleft:50%;\n}\n.avia-accordion .aviaccordion-slide.av-k4145t5a-c5cc504e4e5374311475ab8411f73903__5{\nleft:62.5%;\n}\n.avia-accordion .aviaccordion-slide.av-k4145t5a-c5cc504e4e5374311475ab8411f73903__6{\nleft:75%;\n}\n.avia-accordion .aviaccordion-slide.av-k4145t5a-c5cc504e4e5374311475ab8411f73903__7{\nleft:87.5%;\n}\n<\/style>\n<div  id=\"accordion_slider_1\"  class='aviaccordion avia-accordion av-k4145t5a-c5cc504e4e5374311475ab8411f73903 aviaccordion-title-active av-slideshow-manual av-loop-once ' data-slideshow-options=\"{&quot;interval&quot;:5,&quot;autoplay&quot;:false,&quot;loop_autoplay&quot;:&quot;once&quot;}\"  itemscope=\"itemscope\" itemtype=\"https:\/\/schema.org\/Blog\" ><ul class=\"aviaccordion-inner\"><li class='aviaccordion-slide av-k4145t5a-c5cc504e4e5374311475ab8411f73903__0 aviaccordion-slide-1' data-av-left='0'  itemscope=\"itemscope\" itemtype=\"https:\/\/schema.org\/CreativeWork\" ><a class='aviaccordion-slide-link noHover' href=\"https:\/\/gvcoftalmologia.com\/ca\/especialidades\/oculoplastia\/\"  ><div class='aviaccordion-preview '><div class=\"aviaccordion-preview-title-pos\"><div class=\"aviaccordion-preview-title-wrap\"><div class=\"aviaccordion-preview-title\"><h3 class='aviaccordion-title '  itemprop=\"headline\" >OCULOPLASTIA<\/h3><\/div><\/div><\/div><\/div><img loading=\"lazy\" decoding=\"async\" width=\"1500\" height=\"430\" src=\"https:\/\/gvcoftalmologia.com\/wp-content\/uploads\/2023\/06\/oculoplastica-1-1500x430.jpg\" class=\"aviaccordion-image\" alt=\"\" \/><\/a><\/li><li class='aviaccordion-slide av-k4145t5a-c5cc504e4e5374311475ab8411f73903__1 aviaccordion-slide-2' data-av-left='12.5'  itemscope=\"itemscope\" itemtype=\"https:\/\/schema.org\/CreativeWork\" ><a class='aviaccordion-slide-link noHover' href=\"https:\/\/gvcoftalmologia.com\/ca\/especialidades\/retina-y-vitreo\/\"  ><div class='aviaccordion-preview '><div class=\"aviaccordion-preview-title-pos\"><div class=\"aviaccordion-preview-title-wrap\"><div class=\"aviaccordion-preview-title\"><h3 class='aviaccordion-title '  itemprop=\"headline\" >RETINA I V\u00cdTRI<\/h3><\/div><\/div><\/div><\/div><img loading=\"lazy\" decoding=\"async\" width=\"1500\" height=\"430\" src=\"https:\/\/gvcoftalmologia.com\/wp-content\/uploads\/2023\/06\/retina2-1500x430.jpg\" class=\"aviaccordion-image\" alt=\"\" \/><\/a><\/li><li class='aviaccordion-slide av-k4145t5a-c5cc504e4e5374311475ab8411f73903__2 aviaccordion-slide-3' data-av-left='25'  itemscope=\"itemscope\" itemtype=\"https:\/\/schema.org\/CreativeWork\" ><a class='aviaccordion-slide-link noHover' href=\"https:\/\/gvcoftalmologia.com\/ca\/especialidades\/glaucoma\/\"  ><div class='aviaccordion-preview '><div class=\"aviaccordion-preview-title-pos\"><div class=\"aviaccordion-preview-title-wrap\"><div class=\"aviaccordion-preview-title\"><h3 class='aviaccordion-title '  itemprop=\"headline\" >GLAUCOMA<\/h3><\/div><\/div><\/div><\/div><img loading=\"lazy\" decoding=\"async\" width=\"1500\" height=\"430\" src=\"https:\/\/gvcoftalmologia.com\/wp-content\/uploads\/2023\/06\/glaucoma2-1500x430.jpg\" class=\"aviaccordion-image\" alt=\"\" \/><\/a><\/li><li class='aviaccordion-slide av-k4145t5a-c5cc504e4e5374311475ab8411f73903__3 aviaccordion-slide-4' data-av-left='37.5'  itemscope=\"itemscope\" itemtype=\"https:\/\/schema.org\/CreativeWork\" ><a class='aviaccordion-slide-link noHover' href=\"https:\/\/gvcoftalmologia.com\/ca\/especialidades\/refractiva\/\"  ><div class='aviaccordion-preview '><div class=\"aviaccordion-preview-title-pos\"><div class=\"aviaccordion-preview-title-wrap\"><div class=\"aviaccordion-preview-title\"><h3 class='aviaccordion-title '  itemprop=\"headline\" >REFRACTIVA<\/h3><\/div><\/div><\/div><\/div><img loading=\"lazy\" decoding=\"async\" width=\"1500\" height=\"430\" src=\"https:\/\/gvcoftalmologia.com\/wp-content\/uploads\/2023\/06\/refractiva22-1500x430.jpg\" class=\"aviaccordion-image\" alt=\"\" \/><\/a><\/li><li class='aviaccordion-slide av-k4145t5a-c5cc504e4e5374311475ab8411f73903__4 aviaccordion-slide-5' data-av-left='50'  itemscope=\"itemscope\" itemtype=\"https:\/\/schema.org\/CreativeWork\" ><a class='aviaccordion-slide-link noHover' href=\"https:\/\/gvcoftalmologia.com\/ca\/especialidades\/pediatrica\/\"  ><div class='aviaccordion-preview '><div class=\"aviaccordion-preview-title-pos\"><div class=\"aviaccordion-preview-title-wrap\"><div class=\"aviaccordion-preview-title\"><h3 class='aviaccordion-title '  itemprop=\"headline\" >PEDI\u00c0TRICA<\/h3><\/div><\/div><\/div><\/div><img loading=\"lazy\" decoding=\"async\" width=\"1200\" height=\"430\" src=\"https:\/\/gvcoftalmologia.com\/wp-content\/uploads\/2023\/06\/pediatrica2-1200x430.jpg\" class=\"aviaccordion-image\" alt=\"\" \/><\/a><\/li><li class='aviaccordion-slide av-k4145t5a-c5cc504e4e5374311475ab8411f73903__5 aviaccordion-slide-6' data-av-left='62.5'  itemscope=\"itemscope\" itemtype=\"https:\/\/schema.org\/CreativeWork\" ><a class='aviaccordion-slide-link noHover' href=\"https:\/\/gvcoftalmologia.com\/ca\/especialidades\/cornea\/\"  ><div class='aviaccordion-preview '><div class=\"aviaccordion-preview-title-pos\"><div class=\"aviaccordion-preview-title-wrap\"><div class=\"aviaccordion-preview-title\"><h3 class='aviaccordion-title '  itemprop=\"headline\" >C\u00d2RNIA<\/h3><\/div><\/div><\/div><\/div><img loading=\"lazy\" decoding=\"async\" width=\"1500\" height=\"430\" src=\"https:\/\/gvcoftalmologia.com\/wp-content\/uploads\/2023\/06\/optometria2-1500x430.jpg\" class=\"aviaccordion-image\" alt=\"\" \/><\/a><\/li><li class='aviaccordion-slide av-k4145t5a-c5cc504e4e5374311475ab8411f73903__6 aviaccordion-slide-7' data-av-left='75'  itemscope=\"itemscope\" itemtype=\"https:\/\/schema.org\/CreativeWork\" ><a class='aviaccordion-slide-link noHover' href=\"https:\/\/gvcoftalmologia.com\/ca\/especialidades\/optometria\/\"  ><div class='aviaccordion-preview '><div class=\"aviaccordion-preview-title-pos\"><div class=\"aviaccordion-preview-title-wrap\"><div class=\"aviaccordion-preview-title\"><h3 class='aviaccordion-title '  itemprop=\"headline\" >OPTOMETRIA<\/h3><\/div><\/div><\/div><\/div><img loading=\"lazy\" decoding=\"async\" width=\"1500\" height=\"430\" src=\"https:\/\/gvcoftalmologia.com\/wp-content\/uploads\/2023\/06\/42b4a194-1054-461c-8031-d6f54465b038-1500x430.jpg\" class=\"aviaccordion-image\" alt=\"\" \/><\/a><\/li><li class='aviaccordion-slide av-k4145t5a-c5cc504e4e5374311475ab8411f73903__7 aviaccordion-slide-8' data-av-left='87.5'  itemscope=\"itemscope\" itemtype=\"https:\/\/schema.org\/CreativeWork\" ><a class='aviaccordion-slide-link noHover' href=\"https:\/\/gvcoftalmologia.com\/ca\/especialidades\/cataratas\/?lang=ca\"  ><div class='aviaccordion-preview '><div class=\"aviaccordion-preview-title-pos\"><div class=\"aviaccordion-preview-title-wrap\"><div class=\"aviaccordion-preview-title\"><h3 class='aviaccordion-title '  itemprop=\"headline\" >CATARACTES<\/h3><\/div><\/div><\/div><\/div><img loading=\"lazy\" decoding=\"async\" width=\"1500\" height=\"430\" src=\"https:\/\/gvcoftalmologia.com\/wp-content\/uploads\/2023\/06\/Sin-titulo-3.jpg\" class=\"aviaccordion-image\" alt=\"\" srcset=\"https:\/\/gvcoftalmologia.com\/wp-content\/uploads\/2023\/06\/Sin-titulo-3.jpg 1500w, https:\/\/gvcoftalmologia.com\/wp-content\/uploads\/2023\/06\/Sin-titulo-3-300x86.jpg 300w, https:\/\/gvcoftalmologia.com\/wp-content\/uploads\/2023\/06\/Sin-titulo-3-1030x295.jpg 1030w, https:\/\/gvcoftalmologia.com\/wp-content\/uploads\/2023\/06\/Sin-titulo-3-768x220.jpg 768w, https:\/\/gvcoftalmologia.com\/wp-content\/uploads\/2023\/06\/Sin-titulo-3-705x202.jpg 705w, https:\/\/gvcoftalmologia.com\/wp-content\/uploads\/2023\/06\/Sin-titulo-3-450x129.jpg 450w, https:\/\/gvcoftalmologia.com\/wp-content\/uploads\/2023\/06\/Sin-titulo-3-600x172.jpg 600w\" sizes=\"auto, (max-width: 1500px) 100vw, 1500px\" \/><\/a><\/li><\/ul><div class='aviaccordion-spacer' style='padding-bottom:28.666666666667%'><\/div><\/div>\n","protected":false},"excerpt":{"rendered":"","protected":false},"author":2,"featured_media":0,"parent":2089,"menu_order":0,"comment_status":"closed","ping_status":"closed","template":"","meta":{"footnotes":""},"class_list":["post-2091","page","type-page","status-publish","hentry"],"yoast_head":"<!-- This site is optimized with the Yoast SEO plugin v27.4 - https:\/\/yoast.com\/product\/yoast-seo-wordpress\/ -->\n<title>Cataractes - gvcoftalmologia.com<\/title>\n<meta name=\"robots\" content=\"index, follow, max-snippet:-1, max-image-preview:large, max-video-preview:-1\" \/>\n<link rel=\"canonical\" href=\"https:\/\/gvcoftalmologia.com\/ca\/especialidades\/cataratas\/\" \/>\n<meta property=\"og:locale\" content=\"ca_ES\" \/>\n<meta property=\"og:type\" content=\"article\" \/>\n<meta property=\"og:title\" content=\"Cataractes - gvcoftalmologia.com\" \/>\n<meta property=\"og:url\" content=\"https:\/\/gvcoftalmologia.com\/ca\/especialidades\/cataratas\/\" \/>\n<meta property=\"og:site_name\" content=\"gvcoftalmologia.com\" \/>\n<meta property=\"article:modified_time\" content=\"2023-06-26T10:51:45+00:00\" \/>\n<meta name=\"twitter:card\" content=\"summary_large_image\" \/>\n<meta name=\"twitter:label1\" content=\"Temps estimat de lectura\" \/>\n\t<meta name=\"twitter:data1\" content=\"4 minuts\" \/>\n<script type=\"application\/ld+json\" class=\"yoast-schema-graph\">{\"@context\":\"https:\\\/\\\/schema.org\",\"@graph\":[{\"@type\":\"WebPage\",\"@id\":\"https:\\\/\\\/gvcoftalmologia.com\\\/ca\\\/especialidades\\\/cataratas\\\/\",\"url\":\"https:\\\/\\\/gvcoftalmologia.com\\\/ca\\\/especialidades\\\/cataratas\\\/\",\"name\":\"Cataractes - gvcoftalmologia.com\",\"isPartOf\":{\"@id\":\"https:\\\/\\\/gvcoftalmologia.com\\\/ca\\\/#website\"},\"datePublished\":\"2020-03-16T07:38:01+00:00\",\"dateModified\":\"2023-06-26T10:51:45+00:00\",\"breadcrumb\":{\"@id\":\"https:\\\/\\\/gvcoftalmologia.com\\\/ca\\\/especialidades\\\/cataratas\\\/#breadcrumb\"},\"inLanguage\":\"ca\",\"potentialAction\":[{\"@type\":\"ReadAction\",\"target\":[\"https:\\\/\\\/gvcoftalmologia.com\\\/ca\\\/especialidades\\\/cataratas\\\/\"]}]},{\"@type\":\"BreadcrumbList\",\"@id\":\"https:\\\/\\\/gvcoftalmologia.com\\\/ca\\\/especialidades\\\/cataratas\\\/#breadcrumb\",\"itemListElement\":[{\"@type\":\"ListItem\",\"position\":1,\"name\":\"Portada\",\"item\":\"https:\\\/\\\/gvcoftalmologia.com\\\/ca\\\/home\\\/\"},{\"@type\":\"ListItem\",\"position\":2,\"name\":\"ESPECIALITATS\",\"item\":\"https:\\\/\\\/gvcoftalmologia.com\\\/ca\\\/especialidades\\\/\"},{\"@type\":\"ListItem\",\"position\":3,\"name\":\"Cataractes\"}]},{\"@type\":\"WebSite\",\"@id\":\"https:\\\/\\\/gvcoftalmologia.com\\\/ca\\\/#website\",\"url\":\"https:\\\/\\\/gvcoftalmologia.com\\\/ca\\\/\",\"name\":\"gvcoftalmologia.com\",\"description\":\"Just another WordPress site\",\"potentialAction\":[{\"@type\":\"SearchAction\",\"target\":{\"@type\":\"EntryPoint\",\"urlTemplate\":\"https:\\\/\\\/gvcoftalmologia.com\\\/ca\\\/?s={search_term_string}\"},\"query-input\":{\"@type\":\"PropertyValueSpecification\",\"valueRequired\":true,\"valueName\":\"search_term_string\"}}],\"inLanguage\":\"ca\"}]}<\/script>\n<!-- \/ Yoast SEO plugin. -->","yoast_head_json":{"title":"Cataractes - gvcoftalmologia.com","robots":{"index":"index","follow":"follow","max-snippet":"max-snippet:-1","max-image-preview":"max-image-preview:large","max-video-preview":"max-video-preview:-1"},"canonical":"https:\/\/gvcoftalmologia.com\/ca\/especialidades\/cataratas\/","og_locale":"ca_ES","og_type":"article","og_title":"Cataractes - gvcoftalmologia.com","og_url":"https:\/\/gvcoftalmologia.com\/ca\/especialidades\/cataratas\/","og_site_name":"gvcoftalmologia.com","article_modified_time":"2023-06-26T10:51:45+00:00","twitter_card":"summary_large_image","twitter_misc":{"Temps estimat de lectura":"4 minuts"},"schema":{"@context":"https:\/\/schema.org","@graph":[{"@type":"WebPage","@id":"https:\/\/gvcoftalmologia.com\/ca\/especialidades\/cataratas\/","url":"https:\/\/gvcoftalmologia.com\/ca\/especialidades\/cataratas\/","name":"Cataractes - gvcoftalmologia.com","isPartOf":{"@id":"https:\/\/gvcoftalmologia.com\/ca\/#website"},"datePublished":"2020-03-16T07:38:01+00:00","dateModified":"2023-06-26T10:51:45+00:00","breadcrumb":{"@id":"https:\/\/gvcoftalmologia.com\/ca\/especialidades\/cataratas\/#breadcrumb"},"inLanguage":"ca","potentialAction":[{"@type":"ReadAction","target":["https:\/\/gvcoftalmologia.com\/ca\/especialidades\/cataratas\/"]}]},{"@type":"BreadcrumbList","@id":"https:\/\/gvcoftalmologia.com\/ca\/especialidades\/cataratas\/#breadcrumb","itemListElement":[{"@type":"ListItem","position":1,"name":"Portada","item":"https:\/\/gvcoftalmologia.com\/ca\/home\/"},{"@type":"ListItem","position":2,"name":"ESPECIALITATS","item":"https:\/\/gvcoftalmologia.com\/ca\/especialidades\/"},{"@type":"ListItem","position":3,"name":"Cataractes"}]},{"@type":"WebSite","@id":"https:\/\/gvcoftalmologia.com\/ca\/#website","url":"https:\/\/gvcoftalmologia.com\/ca\/","name":"gvcoftalmologia.com","description":"Just another WordPress site","potentialAction":[{"@type":"SearchAction","target":{"@type":"EntryPoint","urlTemplate":"https:\/\/gvcoftalmologia.com\/ca\/?s={search_term_string}"},"query-input":{"@type":"PropertyValueSpecification","valueRequired":true,"valueName":"search_term_string"}}],"inLanguage":"ca"}]}},"_links":{"self":[{"href":"https:\/\/gvcoftalmologia.com\/ca\/wp-json\/wp\/v2\/pages\/2091","targetHints":{"allow":["GET"]}}],"collection":[{"href":"https:\/\/gvcoftalmologia.com\/ca\/wp-json\/wp\/v2\/pages"}],"about":[{"href":"https:\/\/gvcoftalmologia.com\/ca\/wp-json\/wp\/v2\/types\/page"}],"author":[{"embeddable":true,"href":"https:\/\/gvcoftalmologia.com\/ca\/wp-json\/wp\/v2\/users\/2"}],"replies":[{"embeddable":true,"href":"https:\/\/gvcoftalmologia.com\/ca\/wp-json\/wp\/v2\/comments?post=2091"}],"version-history":[{"count":12,"href":"https:\/\/gvcoftalmologia.com\/ca\/wp-json\/wp\/v2\/pages\/2091\/revisions"}],"predecessor-version":[{"id":3906,"href":"https:\/\/gvcoftalmologia.com\/ca\/wp-json\/wp\/v2\/pages\/2091\/revisions\/3906"}],"up":[{"embeddable":true,"href":"https:\/\/gvcoftalmologia.com\/ca\/wp-json\/wp\/v2\/pages\/2089"}],"wp:attachment":[{"href":"https:\/\/gvcoftalmologia.com\/ca\/wp-json\/wp\/v2\/media?parent=2091"}],"curies":[{"name":"wp","href":"https:\/\/api.w.org\/{rel}","templated":true}]}}