{"id":2071,"date":"2020-03-16T07:25:13","date_gmt":"2020-03-16T07:25:13","guid":{"rendered":"http:\/\/gvcoftalmologia.com\/cuadro-medico\/dra-miriam-carbajal\/"},"modified":"2024-04-05T14:43:42","modified_gmt":"2024-04-05T14:43:42","slug":"dra-miriam-carbajal","status":"publish","type":"page","link":"https:\/\/gvcoftalmologia.com\/ca\/cuadro-medico\/dra-miriam-carbajal\/","title":{"rendered":"Dra. Miriam Carbajal"},"content":{"rendered":"\n<style type=\"text\/css\" data-created_by=\"avia_inline_auto\" id=\"style-css-av-k5nu6l43-05e01ddefb48992ff501676d09c30803\">\n.avia-section.av-k5nu6l43-05e01ddefb48992ff501676d09c30803{\nbackground-color:#036375;\nbackground:linear-gradient( to right, #036375, #19dee5 );\n}\n<\/style>\n<div id='av_section_1'  class='avia-section av-k5nu6l43-05e01ddefb48992ff501676d09c30803 main_color avia-section-default avia-no-border-styling  avia-builder-el-0  el_before_av_section  avia-builder-el-first  avia-bg-style-scroll container_wrap sidebar_right'  ><div class='container av-section-cont-open' ><main  role=\"main\" itemprop=\"mainContentOfPage\"  class='template-page content  av-content-small alpha units'><div class='post-entry post-entry-type-page post-entry-2071'><div class='entry-content-wrapper clearfix'>\n\n<style type=\"text\/css\" data-created_by=\"avia_inline_auto\" id=\"style-css-av-brpn0-d77b95d91db1b22d5d573774d466b1e6\">\n.flex_column.av-brpn0-d77b95d91db1b22d5d573774d466b1e6{\nborder-radius:0px 0px 0px 0px;\npadding:0px 0px 0px 0px;\n}\n<\/style>\n<div  class='flex_column av-brpn0-d77b95d91db1b22d5d573774d466b1e6 av_one_full  avia-builder-el-1  avia-builder-el-no-sibling  first flex_column_div av-zero-column-padding  '     ><style type=\"text\/css\" data-created_by=\"avia_inline_auto\" id=\"style-css-av-k5nue8gi-b01b3f18cea6e57121f9eb8aa12d5a18\">\n#top .av_textblock_section.av-k5nue8gi-b01b3f18cea6e57121f9eb8aa12d5a18 .avia_textblock{\ncolor:#ffffff;\n}\n<\/style>\n<section  class='av_textblock_section av-k5nue8gi-b01b3f18cea6e57121f9eb8aa12d5a18 '   itemscope=\"itemscope\" itemtype=\"https:\/\/schema.org\/CreativeWork\" ><div class='avia_textblock av_inherit_color'  itemprop=\"text\" ><h2 style=\"text-align: center;\"><strong>Doctora oftalm\u00f2loga especialitzada<\/strong><\/h2>\n<\/div><\/section><\/div>\n\n<\/div><\/div><\/main><!-- close content main element --><\/div><\/div><div id='av_section_2'  class='avia-section av-19t98k-111a54bc50234ca7d24838d8e62d537f main_color avia-section-default avia-no-border-styling  avia-builder-el-3  el_after_av_section  avia-builder-el-last  avia-bg-style-scroll container_wrap sidebar_right'  ><div class='container av-section-cont-open' ><div class='template-page content  av-content-small alpha units'><div class='post-entry post-entry-type-page post-entry-2071'><div class='entry-content-wrapper clearfix'>\n\n<style type=\"text\/css\" data-created_by=\"avia_inline_auto\" id=\"style-css-av-f96m4-6099e893638316d2e6d6c27f06374333\">\n.flex_column.av-f96m4-6099e893638316d2e6d6c27f06374333{\nborder-radius:0px 0px 0px 0px;\npadding:0px 0px 0px 0px;\n}\n<\/style>\n<div  class='flex_column av-f96m4-6099e893638316d2e6d6c27f06374333 av_one_full  avia-builder-el-4  el_before_av_one_full  avia-builder-el-first  first flex_column_div av-zero-column-padding  '     ><style type=\"text\/css\" data-created_by=\"avia_inline_auto\" id=\"style-css-av-9k34k-bbdd345896b87c7bcc0a7f3dd48e47b3\">\n#top .av_textblock_section.av-9k34k-bbdd345896b87c7bcc0a7f3dd48e47b3 .avia_textblock{\nfont-size:15px;\ncolor:#1499b5;\n}\n<\/style>\n<section  class='av_textblock_section av-9k34k-bbdd345896b87c7bcc0a7f3dd48e47b3 '   itemscope=\"itemscope\" itemtype=\"https:\/\/schema.org\/CreativeWork\" ><div class='avia_textblock av_inherit_color'  itemprop=\"text\" ><h1 style=\"text-align: center;\"><strong>Dra. Miriam Carbajal<\/strong><\/h1>\n<\/div><\/section><br \/>\n\n<style type=\"text\/css\" data-created_by=\"avia_inline_auto\" id=\"style-css-av-k5ntzcf4-f11c7bfdf8cadea051c5ca2c1c2d7505\">\n#top .av_textblock_section.av-k5ntzcf4-f11c7bfdf8cadea051c5ca2c1c2d7505 .avia_textblock{\ncolor:#4c4c4c;\n}\n<\/style>\n<section  class='av_textblock_section av-k5ntzcf4-f11c7bfdf8cadea051c5ca2c1c2d7505 '   itemscope=\"itemscope\" itemtype=\"https:\/\/schema.org\/CreativeWork\" ><div class='avia_textblock av_inherit_color'  itemprop=\"text\" ><p style=\"text-align: center;\"><strong>Oftalm\u00f2loga especialitzada en Retina i Vitri<\/strong><br \/>\nVisita als Centres M\u00e8dics: Creu Groga i Hospital Cl\u00ednic Maresme<\/p>\n<\/div><\/section><\/p><\/div>\n<style type=\"text\/css\" data-created_by=\"avia_inline_auto\" id=\"style-css-av-8wkoc-e39040e6430e1a9091716e595b09a391\">\n.flex_column.av-8wkoc-e39040e6430e1a9091716e595b09a391{\nborder-radius:0px 0px 0px 0px;\npadding:0px 0px 0px 0px;\n}\n<\/style>\n<div  class='flex_column av-8wkoc-e39040e6430e1a9091716e595b09a391 av_one_full  avia-builder-el-7  el_after_av_one_full  el_before_av_one_full  first flex_column_div av-zero-column-padding  column-top-margin'     ><style type=\"text\/css\" data-created_by=\"avia_inline_auto\" id=\"style-css-av-jw6yk-6d7e14bc02936fd8620b33158f426400\">\n.avia-image-container.av-jw6yk-6d7e14bc02936fd8620b33158f426400 img.avia_image{\nbox-shadow:none;\n}\n.avia-image-container.av-jw6yk-6d7e14bc02936fd8620b33158f426400 .av-image-caption-overlay-center{\ncolor:#ffffff;\n}\n<\/style>\n<div  class='avia-image-container av-jw6yk-6d7e14bc02936fd8620b33158f426400 av-styling- avia-align-center  avia-builder-el-8  avia-builder-el-no-sibling '   itemprop=\"image\" itemscope=\"itemscope\" itemtype=\"https:\/\/schema.org\/ImageObject\" ><div class=\"avia-image-container-inner\"><div class=\"avia-image-overlay-wrap\"><img decoding=\"async\" fetchpriority=\"high\" class='wp-image-2824 avia-img-lazy-loading-not-2824 avia_image ' src=\"https:\/\/gvcoftalmologia.com\/wp-content\/uploads\/2020\/11\/FotosMetges-GVC_FONSVERD-Carbajal-300x300.jpg\" alt='' title='FotosMetges-GVC_FONSVERD- Carbajal'  height=\"300\" width=\"300\"  itemprop=\"thumbnailUrl\" srcset=\"https:\/\/gvcoftalmologia.com\/wp-content\/uploads\/2020\/11\/FotosMetges-GVC_FONSVERD-Carbajal-300x300.jpg 300w, https:\/\/gvcoftalmologia.com\/wp-content\/uploads\/2020\/11\/FotosMetges-GVC_FONSVERD-Carbajal-80x80.jpg 80w, https:\/\/gvcoftalmologia.com\/wp-content\/uploads\/2020\/11\/FotosMetges-GVC_FONSVERD-Carbajal-36x36.jpg 36w, https:\/\/gvcoftalmologia.com\/wp-content\/uploads\/2020\/11\/FotosMetges-GVC_FONSVERD-Carbajal-180x180.jpg 180w, https:\/\/gvcoftalmologia.com\/wp-content\/uploads\/2020\/11\/FotosMetges-GVC_FONSVERD-Carbajal.jpg 425w, https:\/\/gvcoftalmologia.com\/wp-content\/uploads\/2020\/11\/FotosMetges-GVC_FONSVERD-Carbajal-100x100.jpg 100w\" sizes=\"(max-width: 300px) 100vw, 300px\" \/><\/div><\/div><\/div><\/div>\n<style type=\"text\/css\" data-created_by=\"avia_inline_auto\" id=\"style-css-av-11kek-ed5f522e0068f49ef1a7a80b7260fad5\">\n.flex_column.av-11kek-ed5f522e0068f49ef1a7a80b7260fad5{\nborder-radius:0px 0px 0px 0px;\npadding:0px 0px 0px 0px;\n}\n<\/style>\n<div  class='flex_column av-11kek-ed5f522e0068f49ef1a7a80b7260fad5 av_one_full  avia-builder-el-9  el_after_av_one_full  el_before_av_one_half  first flex_column_div av-zero-column-padding  column-top-margin'     ><style type=\"text\/css\" data-created_by=\"avia_inline_auto\" id=\"style-css-av-k5nuudjh-f8d9e9174224f9ccaf04ee340765b3f5\">\n#top .av_textblock_section.av-k5nuudjh-f8d9e9174224f9ccaf04ee340765b3f5 .avia_textblock{\ncolor:#1499b5;\n}\n<\/style>\n<section  class='av_textblock_section av-k5nuudjh-f8d9e9174224f9ccaf04ee340765b3f5 '   itemscope=\"itemscope\" itemtype=\"https:\/\/schema.org\/CreativeWork\" ><div class='avia_textblock av_inherit_color'  itemprop=\"text\" ><h2 style=\"text-align: center;\"><strong>CURR\u00cdCULUM PROFESSIONAL<\/strong><\/h2>\n<\/div><\/section><\/div><div class='flex_column_table av-hcoz8-cbd7544d3bc88988d71abba0295144c0 sc-av_one_half av-equal-height-column-flextable'>\n<style type=\"text\/css\" data-created_by=\"avia_inline_auto\" id=\"style-css-av-hcoz8-cbd7544d3bc88988d71abba0295144c0\">\n#top .flex_column_table.av-equal-height-column-flextable.av-hcoz8-cbd7544d3bc88988d71abba0295144c0{\nmargin-top:-10px;\nmargin-bottom:-10px;\n}\n.flex_column.av-hcoz8-cbd7544d3bc88988d71abba0295144c0{\nborder-radius:0px 0px 0px 0px;\npadding:0px 0px 0px 0px;\n}\n<\/style>\n<div  class='flex_column av-hcoz8-cbd7544d3bc88988d71abba0295144c0 av_one_half  avia-builder-el-11  el_after_av_one_full  el_before_av_one_half  first flex_column_table_cell av-equal-height-column av-align-top av-zero-column-padding  column-top-margin'     ><section  class='av_textblock_section av-k5nz7p8c-eb2ed125a95007f4dc1e5bd0b68ce95f '   itemscope=\"itemscope\" itemtype=\"https:\/\/schema.org\/CreativeWork\" ><div class='avia_textblock'  itemprop=\"text\" ><p class=\"p1\">La Dra. Miriam Carbajal especialista en Retina medico quir\u00fargica es va llicenciar en Medicina per la Universitat de Lleida en 2006.<\/p>\n<p class=\"p1\">Despr\u00e9s d&#8217;acabar l&#8217;especialitat en Oftalmologia via MIR per l&#8217;Hospital Vall d\u2019Hebron de Barcelona i obtenir la sufici\u00e8ncia investigadora va cursar el M\u00e0ster en Retina M\u00e8dica i Quir\u00fargica a l\u2019Institut Catal\u00e0 de Retina-Universitat Aut\u00f2noma de Barcelona (ICR-UAB) a Barcelona, durant el 2011-2013.<\/p>\n<p class=\"p1\"><strong>Acabada l&#8217;especialitat en Oftalmologia, va centrar la seva activitat assistencial en l&#8217;\u00e0mbit de la retina medico quir\u00fargica, la patologia inflamat\u00f2ria ocular i la cirurgia de cataractes.<\/strong><\/p>\n<\/div><\/section><\/div><div class='av-flex-placeholder'><\/div>\n<style type=\"text\/css\" data-created_by=\"avia_inline_auto\" id=\"style-css-av-8ibk4-1aae59bf339ba774674e995acd13f9d0\">\n#top .flex_column_table.av-equal-height-column-flextable.av-8ibk4-1aae59bf339ba774674e995acd13f9d0{\nmargin-top:-10px;\nmargin-bottom:-10px;\n}\n.flex_column.av-8ibk4-1aae59bf339ba774674e995acd13f9d0{\nborder-radius:0px 0px 0px 0px;\npadding:0px 0px 0px 0px;\n}\n<\/style>\n<div  class='flex_column av-8ibk4-1aae59bf339ba774674e995acd13f9d0 av_one_half  avia-builder-el-13  el_after_av_one_half  el_before_av_one_full  flex_column_table_cell av-equal-height-column av-align-top av-zero-column-padding  column-top-margin'     ><section  class='av_textblock_section av-k5nz88q7-2753d4f802b330293986c47356190d3d '   itemscope=\"itemscope\" itemtype=\"https:\/\/schema.org\/CreativeWork\" ><div class='avia_textblock'  itemprop=\"text\" ><p class=\"p1\">Ha estat ponent en diversos congressos d&#8217;\u00e0mbit nacional. Consten en el seu haver dues publicacions indexades.<\/p>\n<p class=\"p1\"><strong><em>Ha estat col\u00b7laboradora i il\u00b7lustradora de la pon\u00e8ncia oficial de la Societat Espanyola d&#8217;Oftalmologia en<br \/>\n2012 i part del quadre docent del M\u00e0ster d&#8217;infermeria oftalmol\u00f2gica de la UAB.<\/em><\/strong><\/p>\n<p class=\"p1\"><strong><em>\u00c9s membre de la Societat Catalana d\u2019Oftalmologia i de la Societat Espanyola de Retina i Vitri.<\/em><\/strong><\/p>\n<p class=\"p1\">Des de 2013 fins a l&#8217;actualitat forma part del departament de Retina de l&#8217;Hospital de Matar\u00f3.<\/p>\n<\/div><\/section><\/div><\/div><!--close column table wrapper. Autoclose: 1 -->\n<style type=\"text\/css\" data-created_by=\"avia_inline_auto\" id=\"style-css-av-acm4s-8935991b64e43ebcab1e954fc2740b6c\">\n.flex_column.av-acm4s-8935991b64e43ebcab1e954fc2740b6c{\nborder-radius:0px 0px 0px 0px;\npadding:0px 0px 0px 0px;\n}\n<\/style>\n<div  class='flex_column av-acm4s-8935991b64e43ebcab1e954fc2740b6c av_one_full  avia-builder-el-15  el_after_av_one_half  el_before_av_one_half  first flex_column_div av-zero-column-padding  column-top-margin'     ><p>\n<style type=\"text\/css\" data-created_by=\"avia_inline_auto\" id=\"style-css-av-k5pkykdi-517604e664d1e57ec099bd1a515de5f3\">\n#top .hr.hr-invisible.av-k5pkykdi-517604e664d1e57ec099bd1a515de5f3{\nheight:40px;\n}\n<\/style>\n<div  class='hr av-k5pkykdi-517604e664d1e57ec099bd1a515de5f3 hr-invisible  avia-builder-el-16  el_before_av_font_icon  avia-builder-el-first '><span class='hr-inner '><span class=\"hr-inner-style\"><\/span><\/span><\/div><br \/>\n\n<style type=\"text\/css\" data-created_by=\"avia_inline_auto\" id=\"style-css-av-k5pkxiyw-80f4cec08558d4a0b1d22379344dac55\">\n.av_font_icon.av-k5pkxiyw-80f4cec08558d4a0b1d22379344dac55{\ncolor:#939393;\nborder-color:#939393;\n}\n.av_font_icon.av-k5pkxiyw-80f4cec08558d4a0b1d22379344dac55 .av-icon-char{\nfont-size:50px;\nline-height:50px;\n}\n<\/style>\n<span  class='av_font_icon av-k5pkxiyw-80f4cec08558d4a0b1d22379344dac55 avia_animate_when_visible av-icon-style- avia-icon-pos-center avia-icon-animate'><span class='av-icon-char' aria-hidden='true' data-av_icon='\ue80b' data-av_iconfont='entypo-fontello' ><\/span><\/span><br \/>\n\n<style type=\"text\/css\" data-created_by=\"avia_inline_auto\" id=\"style-css-av-k5pkykdi-d44cc305e5add984ac7827f83f3e4455\">\n#top .hr.hr-invisible.av-k5pkykdi-d44cc305e5add984ac7827f83f3e4455{\nheight:10px;\n}\n<\/style>\n<div  class='hr av-k5pkykdi-d44cc305e5add984ac7827f83f3e4455 hr-invisible  avia-builder-el-18  el_after_av_font_icon  el_before_av_textblock '><span class='hr-inner '><span class=\"hr-inner-style\"><\/span><\/span><\/div><br \/>\n\n<style type=\"text\/css\" data-created_by=\"avia_inline_auto\" id=\"style-css-av-k5o0abgt-5b48bff5d4ac73f6621cde8626bc5cc2\">\n#top .av_textblock_section.av-k5o0abgt-5b48bff5d4ac73f6621cde8626bc5cc2 .avia_textblock{\ncolor:#1499b5;\n}\n<\/style>\n<section  class='av_textblock_section av-k5o0abgt-5b48bff5d4ac73f6621cde8626bc5cc2 '   itemscope=\"itemscope\" itemtype=\"https:\/\/schema.org\/CreativeWork\" ><div class='avia_textblock av_inherit_color'  itemprop=\"text\" ><h1 style=\"text-align: center;\"><strong>DEMANAR CITA<\/strong><\/h1>\n<\/div><\/section><\/p><\/div>\n<style type=\"text\/css\" data-created_by=\"avia_inline_auto\" id=\"style-css-av-fiqr0-e43be2318e1aa8248a3d5499fb1cf016\">\n.flex_column.av-fiqr0-e43be2318e1aa8248a3d5499fb1cf016{\nborder-radius:0px 0px 0px 0px;\npadding:0px 0px 0px 0px;\n}\n<\/style>\n<div  class='flex_column av-fiqr0-e43be2318e1aa8248a3d5499fb1cf016 av_one_half  avia-builder-el-20  el_after_av_one_full  el_before_av_one_half  first flex_column_div av-zero-column-padding  column-top-margin'     ><style type=\"text\/css\" data-created_by=\"avia_inline_auto\" id=\"style-css-av-k5nyky0w-8a4e5951be0e6677de9a8276c5e40360\">\n.iconbox.av-k5nyky0w-8a4e5951be0e6677de9a8276c5e40360 .iconbox_icon{\nbackground-color:#cccccc;\n}\n#top #wrap_all .iconbox.av-k5nyky0w-8a4e5951be0e6677de9a8276c5e40360 .iconbox_content_title{\ncolor:#666666;\n}\n.iconbox.av-k5nyky0w-8a4e5951be0e6677de9a8276c5e40360 .iconbox_content_container{\ncolor:#666666;\n}\n<\/style>\n<article  class='iconbox iconbox_top av-k5nyky0w-8a4e5951be0e6677de9a8276c5e40360  avia-builder-el-21  avia-builder-el-no-sibling  main_color'  itemscope=\"itemscope\" itemtype=\"https:\/\/schema.org\/CreativeWork\" ><div class=\"iconbox_content\"><header class=\"entry-content-header\"><div class=\"iconbox_icon heading-color\" aria-hidden='true' data-av_icon='' data-av_iconfont='entypo-fontello'><\/div><h3 class='iconbox_content_title '  itemprop=\"headline\" ><a href='https:\/\/www.creugroga.com\/contacta-amb-nosaltres\/' title='Demana cita amb la Dra. Carbajal'  >Demana cita amb la Dra. Carbajal<\/a><\/h3><\/header><div class='iconbox_content_container av_inherit_color'  itemprop=\"text\" ><h3><strong>al Centre M\u00e8dic Creu Groga<\/strong><\/h3>\n<\/div><\/div><footer class=\"entry-footer\"><\/footer><\/article><\/div>\n<style type=\"text\/css\" data-created_by=\"avia_inline_auto\" id=\"style-css-av-84lqc-c8c0c2e5b9a863b54f8fba81ecd3e3a8\">\n.flex_column.av-84lqc-c8c0c2e5b9a863b54f8fba81ecd3e3a8{\nborder-radius:0px 0px 0px 0px;\npadding:0px 0px 0px 0px;\n}\n<\/style>\n<div  class='flex_column av-84lqc-c8c0c2e5b9a863b54f8fba81ecd3e3a8 av_one_half  avia-builder-el-22  el_after_av_one_half  el_before_av_hr  flex_column_div av-zero-column-padding  column-top-margin'     ><style type=\"text\/css\" data-created_by=\"avia_inline_auto\" id=\"style-css-av-k5o075ie-90488750c6dab667d3f4f649b95870a7\">\n.iconbox.av-k5o075ie-90488750c6dab667d3f4f649b95870a7 .iconbox_icon{\nbackground-color:#cccccc;\n}\n#top #wrap_all .iconbox.av-k5o075ie-90488750c6dab667d3f4f649b95870a7 .iconbox_content_title{\ncolor:#666666;\n}\n.iconbox.av-k5o075ie-90488750c6dab667d3f4f649b95870a7 .iconbox_content_container{\ncolor:#666666;\n}\n<\/style>\n<article  class='iconbox iconbox_top av-k5o075ie-90488750c6dab667d3f4f649b95870a7  avia-builder-el-23  avia-builder-el-no-sibling  main_color'  itemscope=\"itemscope\" itemtype=\"https:\/\/schema.org\/CreativeWork\" ><div class=\"iconbox_content\"><header class=\"entry-content-header\"><div class=\"iconbox_icon heading-color\" aria-hidden='true' data-av_icon='' data-av_iconfont='entypo-fontello'><\/div><h3 class='iconbox_content_title '  itemprop=\"headline\" ><a href='https:\/\/hospitalclinicmaresme.com\/citaonline\/' title='Demana cita amb la Dra. Carbajal'  >Demana cita amb la Dra. Carbajal<\/a><\/h3><\/header><div class='iconbox_content_container av_inherit_color'  itemprop=\"text\" ><h3><strong>a l&#8217;Hospital Cl\u00ednic Maresme<\/strong><\/h3>\n<\/div><\/div><footer class=\"entry-footer\"><\/footer><\/article><\/div>\n<style type=\"text\/css\" data-created_by=\"avia_inline_auto\" id=\"style-css-av-k5pkykdi-99e934bf98a179b8bca6fe2111fef56e\">\n#top .hr.hr-invisible.av-k5pkykdi-99e934bf98a179b8bca6fe2111fef56e{\nheight:50px;\n}\n<\/style>\n<div  class='hr av-k5pkykdi-99e934bf98a179b8bca6fe2111fef56e hr-invisible  avia-builder-el-24  el_after_av_one_half  avia-builder-el-last '><span class='hr-inner '><span class=\"hr-inner-style\"><\/span><\/span><\/div>\n<\/div><\/div><\/div><!-- close content main div --><\/div><\/div><div id='after_section_2'  class='main_color av_default_container_wrap container_wrap sidebar_right'  ><div class='container av-section-cont-open' ><div class='template-page content  av-content-small alpha units'><div class='post-entry post-entry-type-page post-entry-2071'><div class='entry-content-wrapper clearfix'>\n","protected":false},"excerpt":{"rendered":"","protected":false},"author":2,"featured_media":0,"parent":2049,"menu_order":0,"comment_status":"closed","ping_status":"closed","template":"","meta":{"footnotes":""},"class_list":["post-2071","page","type-page","status-publish","hentry"],"yoast_head":"<!-- This site is optimized with the Yoast SEO plugin v27.4 - https:\/\/yoast.com\/product\/yoast-seo-wordpress\/ -->\n<title>Dra. Miriam Carbajal - gvcoftalmologia.com<\/title>\n<meta name=\"robots\" content=\"index, follow, max-snippet:-1, max-image-preview:large, max-video-preview:-1\" \/>\n<link rel=\"canonical\" href=\"https:\/\/gvcoftalmologia.com\/ca\/cuadro-medico\/dra-miriam-carbajal\/\" \/>\n<meta property=\"og:locale\" content=\"ca_ES\" \/>\n<meta property=\"og:type\" content=\"article\" \/>\n<meta property=\"og:title\" content=\"Dra. Miriam Carbajal - gvcoftalmologia.com\" \/>\n<meta property=\"og:url\" content=\"https:\/\/gvcoftalmologia.com\/ca\/cuadro-medico\/dra-miriam-carbajal\/\" \/>\n<meta property=\"og:site_name\" content=\"gvcoftalmologia.com\" \/>\n<meta property=\"article:modified_time\" content=\"2024-04-05T14:43:42+00:00\" \/>\n<meta name=\"twitter:card\" content=\"summary_large_image\" \/>\n<meta name=\"twitter:label1\" content=\"Temps estimat de lectura\" \/>\n\t<meta name=\"twitter:data1\" content=\"2 minuts\" \/>\n<script type=\"application\/ld+json\" class=\"yoast-schema-graph\">{\"@context\":\"https:\\\/\\\/schema.org\",\"@graph\":[{\"@type\":\"WebPage\",\"@id\":\"https:\\\/\\\/gvcoftalmologia.com\\\/ca\\\/cuadro-medico\\\/dra-miriam-carbajal\\\/\",\"url\":\"https:\\\/\\\/gvcoftalmologia.com\\\/ca\\\/cuadro-medico\\\/dra-miriam-carbajal\\\/\",\"name\":\"Dra. Miriam Carbajal - gvcoftalmologia.com\",\"isPartOf\":{\"@id\":\"https:\\\/\\\/gvcoftalmologia.com\\\/ca\\\/#website\"},\"datePublished\":\"2020-03-16T07:25:13+00:00\",\"dateModified\":\"2024-04-05T14:43:42+00:00\",\"breadcrumb\":{\"@id\":\"https:\\\/\\\/gvcoftalmologia.com\\\/ca\\\/cuadro-medico\\\/dra-miriam-carbajal\\\/#breadcrumb\"},\"inLanguage\":\"ca\",\"potentialAction\":[{\"@type\":\"ReadAction\",\"target\":[\"https:\\\/\\\/gvcoftalmologia.com\\\/ca\\\/cuadro-medico\\\/dra-miriam-carbajal\\\/\"]}]},{\"@type\":\"BreadcrumbList\",\"@id\":\"https:\\\/\\\/gvcoftalmologia.com\\\/ca\\\/cuadro-medico\\\/dra-miriam-carbajal\\\/#breadcrumb\",\"itemListElement\":[{\"@type\":\"ListItem\",\"position\":1,\"name\":\"Portada\",\"item\":\"https:\\\/\\\/gvcoftalmologia.com\\\/ca\\\/home\\\/\"},{\"@type\":\"ListItem\",\"position\":2,\"name\":\"Quadre m\u00e8dic\",\"item\":\"https:\\\/\\\/gvcoftalmologia.com\\\/ca\\\/cuadro-medico\\\/\"},{\"@type\":\"ListItem\",\"position\":3,\"name\":\"Dra. Miriam Carbajal\"}]},{\"@type\":\"WebSite\",\"@id\":\"https:\\\/\\\/gvcoftalmologia.com\\\/ca\\\/#website\",\"url\":\"https:\\\/\\\/gvcoftalmologia.com\\\/ca\\\/\",\"name\":\"gvcoftalmologia.com\",\"description\":\"Just another WordPress site\",\"potentialAction\":[{\"@type\":\"SearchAction\",\"target\":{\"@type\":\"EntryPoint\",\"urlTemplate\":\"https:\\\/\\\/gvcoftalmologia.com\\\/ca\\\/?s={search_term_string}\"},\"query-input\":{\"@type\":\"PropertyValueSpecification\",\"valueRequired\":true,\"valueName\":\"search_term_string\"}}],\"inLanguage\":\"ca\"}]}<\/script>\n<!-- \/ Yoast SEO plugin. -->","yoast_head_json":{"title":"Dra. Miriam Carbajal - gvcoftalmologia.com","robots":{"index":"index","follow":"follow","max-snippet":"max-snippet:-1","max-image-preview":"max-image-preview:large","max-video-preview":"max-video-preview:-1"},"canonical":"https:\/\/gvcoftalmologia.com\/ca\/cuadro-medico\/dra-miriam-carbajal\/","og_locale":"ca_ES","og_type":"article","og_title":"Dra. Miriam Carbajal - gvcoftalmologia.com","og_url":"https:\/\/gvcoftalmologia.com\/ca\/cuadro-medico\/dra-miriam-carbajal\/","og_site_name":"gvcoftalmologia.com","article_modified_time":"2024-04-05T14:43:42+00:00","twitter_card":"summary_large_image","twitter_misc":{"Temps estimat de lectura":"2 minuts"},"schema":{"@context":"https:\/\/schema.org","@graph":[{"@type":"WebPage","@id":"https:\/\/gvcoftalmologia.com\/ca\/cuadro-medico\/dra-miriam-carbajal\/","url":"https:\/\/gvcoftalmologia.com\/ca\/cuadro-medico\/dra-miriam-carbajal\/","name":"Dra. Miriam Carbajal - gvcoftalmologia.com","isPartOf":{"@id":"https:\/\/gvcoftalmologia.com\/ca\/#website"},"datePublished":"2020-03-16T07:25:13+00:00","dateModified":"2024-04-05T14:43:42+00:00","breadcrumb":{"@id":"https:\/\/gvcoftalmologia.com\/ca\/cuadro-medico\/dra-miriam-carbajal\/#breadcrumb"},"inLanguage":"ca","potentialAction":[{"@type":"ReadAction","target":["https:\/\/gvcoftalmologia.com\/ca\/cuadro-medico\/dra-miriam-carbajal\/"]}]},{"@type":"BreadcrumbList","@id":"https:\/\/gvcoftalmologia.com\/ca\/cuadro-medico\/dra-miriam-carbajal\/#breadcrumb","itemListElement":[{"@type":"ListItem","position":1,"name":"Portada","item":"https:\/\/gvcoftalmologia.com\/ca\/home\/"},{"@type":"ListItem","position":2,"name":"Quadre m\u00e8dic","item":"https:\/\/gvcoftalmologia.com\/ca\/cuadro-medico\/"},{"@type":"ListItem","position":3,"name":"Dra. Miriam Carbajal"}]},{"@type":"WebSite","@id":"https:\/\/gvcoftalmologia.com\/ca\/#website","url":"https:\/\/gvcoftalmologia.com\/ca\/","name":"gvcoftalmologia.com","description":"Just another WordPress site","potentialAction":[{"@type":"SearchAction","target":{"@type":"EntryPoint","urlTemplate":"https:\/\/gvcoftalmologia.com\/ca\/?s={search_term_string}"},"query-input":{"@type":"PropertyValueSpecification","valueRequired":true,"valueName":"search_term_string"}}],"inLanguage":"ca"}]}},"_links":{"self":[{"href":"https:\/\/gvcoftalmologia.com\/ca\/wp-json\/wp\/v2\/pages\/2071","targetHints":{"allow":["GET"]}}],"collection":[{"href":"https:\/\/gvcoftalmologia.com\/ca\/wp-json\/wp\/v2\/pages"}],"about":[{"href":"https:\/\/gvcoftalmologia.com\/ca\/wp-json\/wp\/v2\/types\/page"}],"author":[{"embeddable":true,"href":"https:\/\/gvcoftalmologia.com\/ca\/wp-json\/wp\/v2\/users\/2"}],"replies":[{"embeddable":true,"href":"https:\/\/gvcoftalmologia.com\/ca\/wp-json\/wp\/v2\/comments?post=2071"}],"version-history":[{"count":10,"href":"https:\/\/gvcoftalmologia.com\/ca\/wp-json\/wp\/v2\/pages\/2071\/revisions"}],"predecessor-version":[{"id":4051,"href":"https:\/\/gvcoftalmologia.com\/ca\/wp-json\/wp\/v2\/pages\/2071\/revisions\/4051"}],"up":[{"embeddable":true,"href":"https:\/\/gvcoftalmologia.com\/ca\/wp-json\/wp\/v2\/pages\/2049"}],"wp:attachment":[{"href":"https:\/\/gvcoftalmologia.com\/ca\/wp-json\/wp\/v2\/media?parent=2071"}],"curies":[{"name":"wp","href":"https:\/\/api.w.org\/{rel}","templated":true}]}}